{"id":6647,"date":"2019-06-25T03:45:05","date_gmt":"2019-06-25T03:45:05","guid":{"rendered":"http:\/\/dev.trb.ba\/?page_id=6647"},"modified":"2024-09-11T19:23:06","modified_gmt":"2024-09-11T19:23:06","slug":"in-the-community","status":"publish","type":"page","link":"https:\/\/trb.ba\/sr\/in-the-community\/","title":{"rendered":"U Zajednici"},"content":{"rendered":"<div data-elementor-type=\"wp-post\" data-elementor-id=\"6647\" class=\"elementor elementor-6647\" data-elementor-post-type=\"page\">\n\t\t\t\t\t\t<section class=\"elementor-section elementor-top-section elementor-element elementor-element-e5af7c9 elementor-section-stretched elementor-section-boxed elementor-section-height-default elementor-section-height-default elementor-invisible\" data-id=\"e5af7c9\" data-element_type=\"section\" data-settings=\"{&quot;background_background&quot;:&quot;classic&quot;,&quot;stretch_section&quot;:&quot;section-stretched&quot;,&quot;animation&quot;:&quot;bounce&quot;}\">\n\t\t\t\t\t\t<div class=\"elementor-container elementor-column-gap-default\">\n\t\t\t\t\t<div class=\"elementor-column elementor-col-100 elementor-top-column elementor-element elementor-element-4c6cc61\" data-id=\"4c6cc61\" data-element_type=\"column\">\n\t\t\t<div class=\"elementor-widget-wrap elementor-element-populated\">\n\t\t\t\t\t\t<section class=\"elementor-section elementor-inner-section elementor-element elementor-element-5727d5f elementor-section-boxed elementor-section-height-default elementor-section-height-default\" data-id=\"5727d5f\" data-element_type=\"section\">\n\t\t\t\t\t\t<div class=\"elementor-container elementor-column-gap-default\">\n\t\t\t\t\t<div class=\"elementor-column elementor-col-100 elementor-inner-column elementor-element elementor-element-fa5f95c\" data-id=\"fa5f95c\" data-element_type=\"column\">\n\t\t\t<div class=\"elementor-widget-wrap elementor-element-populated\">\n\t\t\t\t\t\t<div class=\"elementor-element elementor-element-096cbb4 elementor-widget elementor-widget-text-editor\" data-id=\"096cbb4\" data-element_type=\"widget\" data-widget_type=\"text-editor.default\">\n\t\t\t\t<div class=\"elementor-widget-container\">\n\t\t\t\t\t\t\t<h2 style=\"text-align: center;\"><span style=\"font-weight: 300;\" class=\"gt3_font-weight\"><span style=\"font-weight: bold;\" class=\"gt3_font-weight\">Uticaj <\/span>radne snage i na\u0161ih zaposlenih<\/span><\/h2>\t\t\t\t\t\t<\/div>\n\t\t\t\t<\/div>\n\t\t\t\t<div class=\"elementor-element elementor-element-c2cf626 elementor-widget elementor-widget-spacer\" data-id=\"c2cf626\" data-element_type=\"widget\" data-widget_type=\"spacer.default\">\n\t\t\t\t<div class=\"elementor-widget-container\">\n\t\t\t\t\t<div class=\"elementor-spacer\">\n\t\t\t<div class=\"elementor-spacer-inner\"><\/div>\n\t\t<\/div>\n\t\t\t\t<\/div>\n\t\t\t\t<\/div>\n\t\t\t\t<div class=\"elementor-element elementor-element-9cfdfaa elementor-widget elementor-widget-text-editor\" data-id=\"9cfdfaa\" data-element_type=\"widget\" data-widget_type=\"text-editor.default\">\n\t\t\t\t<div class=\"elementor-widget-container\">\n\t\t\t\t\t\t\t<p style=\"text-align: center;\">Vrednost kompanije Tehni\u010dki remont Bratunac (TRB) \u010dine na\u0161i zaposleni koji su pokreta\u010di i realizatori ideja u procesu proizvodnje, a \u010dijom smo predano\u0161\u0107u i odgovorno\u0161\u0107u postali ono \u0161to jesmo - odgovorna i eti\u010dka kompanija.<\/p>\t\t\t\t\t\t<\/div>\n\t\t\t\t<\/div>\n\t\t\t\t<div class=\"elementor-element elementor-element-e241077 elementor-widget elementor-widget-spacer\" data-id=\"e241077\" data-element_type=\"widget\" data-widget_type=\"spacer.default\">\n\t\t\t\t<div class=\"elementor-widget-container\">\n\t\t\t\t\t<div class=\"elementor-spacer\">\n\t\t\t<div class=\"elementor-spacer-inner\"><\/div>\n\t\t<\/div>\n\t\t\t\t<\/div>\n\t\t\t\t<\/div>\n\t\t\t\t\t<\/div>\n\t\t<\/div>\n\t\t\t\t\t<\/div>\n\t\t<\/section>\n\t\t\t\t\t<\/div>\n\t\t<\/div>\n\t\t\t\t\t<\/div>\n\t\t<\/section>\n\t\t\t\t<section class=\"elementor-section elementor-top-section elementor-element elementor-element-48e41a1 elementor-section-boxed elementor-section-height-default elementor-section-height-default elementor-invisible\" data-id=\"48e41a1\" data-element_type=\"section\" data-settings=\"{&quot;animation&quot;:&quot;fadeIn&quot;}\">\n\t\t\t\t\t\t<div class=\"elementor-container elementor-column-gap-default\">\n\t\t\t\t\t<div class=\"elementor-column elementor-col-100 elementor-top-column elementor-element elementor-element-4b6e1fa\" data-id=\"4b6e1fa\" data-element_type=\"column\">\n\t\t\t<div class=\"elementor-widget-wrap elementor-element-populated\">\n\t\t\t\t\t\t<section class=\"elementor-section elementor-inner-section elementor-element elementor-element-47ed228 elementor-section-boxed elementor-section-height-default elementor-section-height-default\" data-id=\"47ed228\" data-element_type=\"section\">\n\t\t\t\t\t\t<div class=\"elementor-container elementor-column-gap-default\">\n\t\t\t\t\t<div class=\"elementor-column elementor-col-50 elementor-inner-column elementor-element elementor-element-3869e06\" data-id=\"3869e06\" data-element_type=\"column\">\n\t\t\t<div class=\"elementor-widget-wrap elementor-element-populated\">\n\t\t\t\t\t\t<div class=\"elementor-element elementor-element-3caacfb elementor-widget elementor-widget-spacer\" data-id=\"3caacfb\" data-element_type=\"widget\" data-widget_type=\"spacer.default\">\n\t\t\t\t<div class=\"elementor-widget-container\">\n\t\t\t\t\t<div class=\"elementor-spacer\">\n\t\t\t<div class=\"elementor-spacer-inner\"><\/div>\n\t\t<\/div>\n\t\t\t\t<\/div>\n\t\t\t\t<\/div>\n\t\t\t\t<div class=\"elementor-element elementor-element-b827778 elementor-widget elementor-widget-text-editor\" data-id=\"b827778\" data-element_type=\"widget\" data-widget_type=\"text-editor.default\">\n\t\t\t\t<div class=\"elementor-widget-container\">\n\t\t\t\t\t\t\t<p style=\"text-align: center;\">Transparentnost, savesnost, po\u0161tenje i odgovornost su duboko ukorenjeni i \u010dine na\u010din na\u0161eg poslovanja na regionalnom i me\u0111unarodnom planu. TRB je kompanija koja raste, kompanija sa vizijom, kompanija koja zaokuplja ozbiljnu i zna\u010dajnu pa\u017enju onim \u0161to ima da ponudi od kvalifikovanosti zaposlenih do krajnjeg proizvoda i njegovog kvaliteta.<\/p><p style=\"text-align: center;\">TRB prepoznaju kao po\u017eeljnog poslodavca jer rezultat uspeha TRB-a je direktan uticaj ulaganja.<\/p><p style=\"text-align: center;\">Zato jedino kroz sinergiju na svim poljima, raznolikost profila na\u0161ih zaposlenih, ulaganje u svoje ljude, kroz motivaciju i kreiranje ciljeva opstajemo i napredujemo.<\/p>\t\t\t\t\t\t<\/div>\n\t\t\t\t<\/div>\n\t\t\t\t\t<\/div>\n\t\t<\/div>\n\t\t\t\t<div class=\"elementor-column elementor-col-50 elementor-inner-column elementor-element elementor-element-2f11535\" data-id=\"2f11535\" data-element_type=\"column\">\n\t\t\t<div class=\"elementor-widget-wrap elementor-element-populated\">\n\t\t\t\t\t\t<div class=\"elementor-element elementor-element-0be621d elementor-widget elementor-widget-image\" data-id=\"0be621d\" data-element_type=\"widget\" data-widget_type=\"image.default\">\n\t\t\t\t<div class=\"elementor-widget-container\">\n\t\t\t\t\t\t\t\t\t\t\t\t\t<img fetchpriority=\"high\" decoding=\"async\" width=\"1024\" height=\"683\" src=\"https:\/\/trb.ba\/wp-content\/uploads\/2019\/06\/TN4_9584-1024x683.jpg\" class=\"attachment-large size-large wp-image-6651\" alt=\"\" srcset=\"https:\/\/trb.ba\/wp-content\/uploads\/2019\/06\/TN4_9584-1024x683.jpg 1024w, https:\/\/trb.ba\/wp-content\/uploads\/2019\/06\/TN4_9584-300x200.jpg 300w, https:\/\/trb.ba\/wp-content\/uploads\/2019\/06\/TN4_9584-768x512.jpg 768w, https:\/\/trb.ba\/wp-content\/uploads\/2019\/06\/TN4_9584-1366x910.jpg 1366w, https:\/\/trb.ba\/wp-content\/uploads\/2019\/06\/TN4_9584-1920x1280.jpg 1920w\" sizes=\"(max-width: 940px) 100vw, 940px\" \/>\t\t\t\t\t\t\t\t\t\t\t\t\t<\/div>\n\t\t\t\t<\/div>\n\t\t\t\t<div class=\"elementor-element elementor-element-9660532 elementor-widget elementor-widget-spacer\" data-id=\"9660532\" data-element_type=\"widget\" data-widget_type=\"spacer.default\">\n\t\t\t\t<div class=\"elementor-widget-container\">\n\t\t\t\t\t<div class=\"elementor-spacer\">\n\t\t\t<div class=\"elementor-spacer-inner\"><\/div>\n\t\t<\/div>\n\t\t\t\t<\/div>\n\t\t\t\t<\/div>\n\t\t\t\t<div class=\"elementor-element elementor-element-18e46f4 elementor-widget elementor-widget-image\" data-id=\"18e46f4\" data-element_type=\"widget\" data-widget_type=\"image.default\">\n\t\t\t\t<div class=\"elementor-widget-container\">\n\t\t\t\t\t\t\t\t\t\t\t\t\t<img decoding=\"async\" width=\"1024\" height=\"683\" src=\"https:\/\/trb.ba\/wp-content\/uploads\/2019\/06\/TN4_9589-1024x683.jpg\" class=\"attachment-large size-large wp-image-6652\" alt=\"\" srcset=\"https:\/\/trb.ba\/wp-content\/uploads\/2019\/06\/TN4_9589-1024x683.jpg 1024w, https:\/\/trb.ba\/wp-content\/uploads\/2019\/06\/TN4_9589-300x200.jpg 300w, https:\/\/trb.ba\/wp-content\/uploads\/2019\/06\/TN4_9589-768x512.jpg 768w, https:\/\/trb.ba\/wp-content\/uploads\/2019\/06\/TN4_9589-1366x910.jpg 1366w, https:\/\/trb.ba\/wp-content\/uploads\/2019\/06\/TN4_9589-1920x1280.jpg 1920w\" sizes=\"(max-width: 940px) 100vw, 940px\" \/>\t\t\t\t\t\t\t\t\t\t\t\t\t<\/div>\n\t\t\t\t<\/div>\n\t\t\t\t\t<\/div>\n\t\t<\/div>\n\t\t\t\t\t<\/div>\n\t\t<\/section>\n\t\t\t\t<div class=\"elementor-element elementor-element-bc80b00 elementor-widget elementor-widget-spacer\" data-id=\"bc80b00\" data-element_type=\"widget\" data-widget_type=\"spacer.default\">\n\t\t\t\t<div class=\"elementor-widget-container\">\n\t\t\t\t\t<div class=\"elementor-spacer\">\n\t\t\t<div class=\"elementor-spacer-inner\"><\/div>\n\t\t<\/div>\n\t\t\t\t<\/div>\n\t\t\t\t<\/div>\n\t\t\t\t\t<\/div>\n\t\t<\/div>\n\t\t\t\t\t<\/div>\n\t\t<\/section>\n\t\t\t\t<section class=\"elementor-section elementor-top-section elementor-element elementor-element-3b82ff0 elementor-section-stretched elementor-section-boxed elementor-section-height-default elementor-section-height-default elementor-invisible\" data-id=\"3b82ff0\" data-element_type=\"section\" data-settings=\"{&quot;background_background&quot;:&quot;classic&quot;,&quot;stretch_section&quot;:&quot;section-stretched&quot;,&quot;animation&quot;:&quot;fadeIn&quot;}\">\n\t\t\t\t\t\t<div class=\"elementor-container elementor-column-gap-default\">\n\t\t\t\t\t<div class=\"elementor-column elementor-col-100 elementor-top-column elementor-element elementor-element-163edc9\" data-id=\"163edc9\" data-element_type=\"column\">\n\t\t\t<div class=\"elementor-widget-wrap elementor-element-populated\">\n\t\t\t\t\t\t<section class=\"elementor-section elementor-inner-section elementor-element elementor-element-900e9d7 elementor-section-boxed elementor-section-height-default elementor-section-height-default\" data-id=\"900e9d7\" data-element_type=\"section\">\n\t\t\t\t\t\t<div class=\"elementor-container elementor-column-gap-default\">\n\t\t\t\t\t<div class=\"elementor-column elementor-col-100 elementor-inner-column elementor-element elementor-element-928e5e2\" data-id=\"928e5e2\" data-element_type=\"column\">\n\t\t\t<div class=\"elementor-widget-wrap elementor-element-populated\">\n\t\t\t\t\t\t<div class=\"elementor-element elementor-element-451a708 elementor-widget elementor-widget-text-editor\" data-id=\"451a708\" data-element_type=\"widget\" data-widget_type=\"text-editor.default\">\n\t\t\t\t<div class=\"elementor-widget-container\">\n\t\t\t\t\t\t\t<h2 style=\"text-align: center;\"><span style=\"font-weight: 300;\" class=\"gt3_font-weight\"><span style=\"font-weight: bold;\" class=\"gt3_font-weight\">Dru\u0161tveno <\/span>odgovorno poslovanje<\/span><\/h2>\t\t\t\t\t\t<\/div>\n\t\t\t\t<\/div>\n\t\t\t\t<div class=\"elementor-element elementor-element-e269ba6 elementor-widget elementor-widget-spacer\" data-id=\"e269ba6\" data-element_type=\"widget\" data-widget_type=\"spacer.default\">\n\t\t\t\t<div class=\"elementor-widget-container\">\n\t\t\t\t\t<div class=\"elementor-spacer\">\n\t\t\t<div class=\"elementor-spacer-inner\"><\/div>\n\t\t<\/div>\n\t\t\t\t<\/div>\n\t\t\t\t<\/div>\n\t\t\t\t<div class=\"elementor-element elementor-element-d794fae elementor-widget elementor-widget-text-editor\" data-id=\"d794fae\" data-element_type=\"widget\" data-widget_type=\"text-editor.default\">\n\t\t\t\t<div class=\"elementor-widget-container\">\n\t\t\t\t\t\t\t<p style=\"text-align: center;\">TRB kroz svoje poslovanje vo\u0111eno posve\u0107eno\u0161\u0107u prema svim povezanim grupama \u2013 vlasniku, zaposlenima, klijentima, zajednici, kao i o \u017eivotnoj sredini privla\u010di pa\u017enju kao primer dobre prakse.<\/p>\t\t\t\t\t\t<\/div>\n\t\t\t\t<\/div>\n\t\t\t\t<div class=\"elementor-element elementor-element-ddbb89d elementor-widget elementor-widget-spacer\" data-id=\"ddbb89d\" data-element_type=\"widget\" data-widget_type=\"spacer.default\">\n\t\t\t\t<div class=\"elementor-widget-container\">\n\t\t\t\t\t<div class=\"elementor-spacer\">\n\t\t\t<div class=\"elementor-spacer-inner\"><\/div>\n\t\t<\/div>\n\t\t\t\t<\/div>\n\t\t\t\t<\/div>\n\t\t\t\t\t<\/div>\n\t\t<\/div>\n\t\t\t\t\t<\/div>\n\t\t<\/section>\n\t\t\t\t\t<\/div>\n\t\t<\/div>\n\t\t\t\t\t<\/div>\n\t\t<\/section>\n\t\t\t\t<section class=\"elementor-section elementor-top-section elementor-element elementor-element-b76a281 elementor-section-boxed elementor-section-height-default elementor-section-height-default elementor-invisible\" data-id=\"b76a281\" data-element_type=\"section\" data-settings=\"{&quot;animation&quot;:&quot;fadeIn&quot;}\">\n\t\t\t\t\t\t<div class=\"elementor-container elementor-column-gap-default\">\n\t\t\t\t\t<div class=\"elementor-column elementor-col-50 elementor-top-column elementor-element elementor-element-c4ea816\" data-id=\"c4ea816\" data-element_type=\"column\">\n\t\t\t<div class=\"elementor-widget-wrap elementor-element-populated\">\n\t\t\t\t\t\t<div class=\"elementor-element elementor-element-3946748 elementor-widget elementor-widget-spacer\" data-id=\"3946748\" data-element_type=\"widget\" data-widget_type=\"spacer.default\">\n\t\t\t\t<div class=\"elementor-widget-container\">\n\t\t\t\t\t<div class=\"elementor-spacer\">\n\t\t\t<div class=\"elementor-spacer-inner\"><\/div>\n\t\t<\/div>\n\t\t\t\t<\/div>\n\t\t\t\t<\/div>\n\t\t\t\t<div class=\"elementor-element elementor-element-d22b44f elementor-widget elementor-widget-image\" data-id=\"d22b44f\" data-element_type=\"widget\" data-widget_type=\"image.default\">\n\t\t\t\t<div class=\"elementor-widget-container\">\n\t\t\t\t\t\t\t\t\t\t\t\t\t<img decoding=\"async\" width=\"1024\" height=\"683\" src=\"https:\/\/trb.ba\/wp-content\/uploads\/2019\/06\/TN4_9535-1-1024x683.jpg\" class=\"attachment-large size-large wp-image-6655\" alt=\"\" srcset=\"https:\/\/trb.ba\/wp-content\/uploads\/2019\/06\/TN4_9535-1-1024x683.jpg 1024w, https:\/\/trb.ba\/wp-content\/uploads\/2019\/06\/TN4_9535-1-300x200.jpg 300w, https:\/\/trb.ba\/wp-content\/uploads\/2019\/06\/TN4_9535-1-768x512.jpg 768w, https:\/\/trb.ba\/wp-content\/uploads\/2019\/06\/TN4_9535-1-1366x910.jpg 1366w, https:\/\/trb.ba\/wp-content\/uploads\/2019\/06\/TN4_9535-1-1920x1280.jpg 1920w\" sizes=\"(max-width: 940px) 100vw, 940px\" \/>\t\t\t\t\t\t\t\t\t\t\t\t\t<\/div>\n\t\t\t\t<\/div>\n\t\t\t\t\t<\/div>\n\t\t<\/div>\n\t\t\t\t<div class=\"elementor-column elementor-col-50 elementor-top-column elementor-element elementor-element-0877cf2\" data-id=\"0877cf2\" data-element_type=\"column\">\n\t\t\t<div class=\"elementor-widget-wrap elementor-element-populated\">\n\t\t\t\t\t\t<section class=\"elementor-section elementor-inner-section elementor-element elementor-element-6ee04da elementor-section-boxed elementor-section-height-default elementor-section-height-default\" data-id=\"6ee04da\" data-element_type=\"section\">\n\t\t\t\t\t\t<div class=\"elementor-container elementor-column-gap-default\">\n\t\t\t\t\t<div class=\"elementor-column elementor-col-100 elementor-inner-column elementor-element elementor-element-2f281e9\" data-id=\"2f281e9\" data-element_type=\"column\">\n\t\t\t<div class=\"elementor-widget-wrap elementor-element-populated\">\n\t\t\t\t\t\t<div class=\"elementor-element elementor-element-f4b638b elementor-widget elementor-widget-text-editor\" data-id=\"f4b638b\" data-element_type=\"widget\" data-widget_type=\"text-editor.default\">\n\t\t\t\t<div class=\"elementor-widget-container\">\n\t\t\t\t\t\t\t<p style=\"text-align: center;\">Najve\u0107a snaga kompanije jesu upravo na\u0161i zaposleni, a sastavni deo korporacijske kulture je i taj da kroz dru\u0161tveno odgovornu praksu, kojoj smo mi u TRB-u posve\u0107eni, dugoro\u010dno planiranje i odr\u017eivi razvoj pru\u017eimo potrebnu podr\u0161ku dru\u0161tvu u kojem poslujemo.<\/p><p style=\"text-align: center;\">TRB sa ponosom mo\u017ee re\u0107i da preduzima inicijativu na polju dru\u0161tvenog aktivizma kroz podr\u0161ku mladim talentima, ulaganje u obrazovanje i sport, o\u010duvanje kulturne ba\u0161tine i za\u0161titu \u017eivotne sredine.<\/p><p style=\"text-align: center;\">TRB can proudly say that it takes great initiative in the field of social activism by fostering young talents, investing in education and sports, preserving cultural heritage and protecting the environment.heritage and protecting the environment.<\/p>\t\t\t\t\t\t<\/div>\n\t\t\t\t<\/div>\n\t\t\t\t\t<\/div>\n\t\t<\/div>\n\t\t\t\t\t<\/div>\n\t\t<\/section>\n\t\t\t\t<div class=\"elementor-element elementor-element-fb138ac elementor-widget elementor-widget-spacer\" data-id=\"fb138ac\" data-element_type=\"widget\" data-widget_type=\"spacer.default\">\n\t\t\t\t<div class=\"elementor-widget-container\">\n\t\t\t\t\t<div class=\"elementor-spacer\">\n\t\t\t<div class=\"elementor-spacer-inner\"><\/div>\n\t\t<\/div>\n\t\t\t\t<\/div>\n\t\t\t\t<\/div>\n\t\t\t\t\t<\/div>\n\t\t<\/div>\n\t\t\t\t\t<\/div>\n\t\t<\/section>\n\t\t\t\t<section class=\"elementor-section elementor-top-section elementor-element elementor-element-1f90d6a elementor-section-stretched elementor-section-boxed elementor-section-height-default elementor-section-height-default elementor-invisible\" data-id=\"1f90d6a\" data-element_type=\"section\" data-settings=\"{&quot;background_background&quot;:&quot;classic&quot;,&quot;stretch_section&quot;:&quot;section-stretched&quot;,&quot;animation&quot;:&quot;fadeIn&quot;}\">\n\t\t\t\t\t\t<div class=\"elementor-container elementor-column-gap-default\">\n\t\t\t\t\t<div class=\"elementor-column elementor-col-100 elementor-top-column elementor-element elementor-element-ee5be77\" data-id=\"ee5be77\" data-element_type=\"column\">\n\t\t\t<div class=\"elementor-widget-wrap elementor-element-populated\">\n\t\t\t\t\t\t<section class=\"elementor-section elementor-inner-section elementor-element elementor-element-a4735aa elementor-section-boxed elementor-section-height-default elementor-section-height-default\" data-id=\"a4735aa\" data-element_type=\"section\">\n\t\t\t\t\t\t<div class=\"elementor-container elementor-column-gap-default\">\n\t\t\t\t\t<div class=\"elementor-column elementor-col-100 elementor-inner-column elementor-element elementor-element-da09ab2\" data-id=\"da09ab2\" data-element_type=\"column\">\n\t\t\t<div class=\"elementor-widget-wrap elementor-element-populated\">\n\t\t\t\t\t\t<div class=\"elementor-element elementor-element-a0bd3bb elementor-widget elementor-widget-text-editor\" data-id=\"a0bd3bb\" data-element_type=\"widget\" data-widget_type=\"text-editor.default\">\n\t\t\t\t<div class=\"elementor-widget-container\">\n\t\t\t\t\t\t\t<h2 style=\"text-align: center;\"><span style=\"font-weight: 300;\" class=\"gt3_font-weight\"><span style=\"font-weight: bold;\" class=\"gt3_font-weight\">Ekonomski <\/span>uticaj<\/span><\/h2>\t\t\t\t\t\t<\/div>\n\t\t\t\t<\/div>\n\t\t\t\t<div class=\"elementor-element elementor-element-bade378 elementor-widget elementor-widget-spacer\" data-id=\"bade378\" data-element_type=\"widget\" data-widget_type=\"spacer.default\">\n\t\t\t\t<div class=\"elementor-widget-container\">\n\t\t\t\t\t<div class=\"elementor-spacer\">\n\t\t\t<div class=\"elementor-spacer-inner\"><\/div>\n\t\t<\/div>\n\t\t\t\t<\/div>\n\t\t\t\t<\/div>\n\t\t\t\t<div class=\"elementor-element elementor-element-17fc201 elementor-widget elementor-widget-text-editor\" data-id=\"17fc201\" data-element_type=\"widget\" data-widget_type=\"text-editor.default\">\n\t\t\t\t<div class=\"elementor-widget-container\">\n\t\t\t\t\t\t\t<p style=\"text-align: center;\">TRB kroz realizaciju poslovnih planova, je tu da bi ostao i ostvario dugoro\u010dni ekonomski efekat na okru\u017eenje u kojem posluje.<\/p>\t\t\t\t\t\t<\/div>\n\t\t\t\t<\/div>\n\t\t\t\t<div class=\"elementor-element elementor-element-668dbd9 elementor-widget elementor-widget-spacer\" data-id=\"668dbd9\" data-element_type=\"widget\" data-widget_type=\"spacer.default\">\n\t\t\t\t<div class=\"elementor-widget-container\">\n\t\t\t\t\t<div class=\"elementor-spacer\">\n\t\t\t<div class=\"elementor-spacer-inner\"><\/div>\n\t\t<\/div>\n\t\t\t\t<\/div>\n\t\t\t\t<\/div>\n\t\t\t\t\t<\/div>\n\t\t<\/div>\n\t\t\t\t\t<\/div>\n\t\t<\/section>\n\t\t\t\t\t<\/div>\n\t\t<\/div>\n\t\t\t\t\t<\/div>\n\t\t<\/section>\n\t\t\t\t<section class=\"elementor-section elementor-top-section elementor-element elementor-element-8e1565b elementor-section-boxed elementor-section-height-default elementor-section-height-default elementor-invisible\" data-id=\"8e1565b\" data-element_type=\"section\" data-settings=\"{&quot;animation&quot;:&quot;fadeIn&quot;}\">\n\t\t\t\t\t\t<div class=\"elementor-container elementor-column-gap-default\">\n\t\t\t\t\t<div class=\"elementor-column elementor-col-50 elementor-top-column elementor-element elementor-element-8be3c55\" data-id=\"8be3c55\" data-element_type=\"column\">\n\t\t\t<div class=\"elementor-widget-wrap elementor-element-populated\">\n\t\t\t\t\t\t<section class=\"elementor-section elementor-inner-section elementor-element elementor-element-c36d2f3 elementor-section-boxed elementor-section-height-default elementor-section-height-default\" data-id=\"c36d2f3\" data-element_type=\"section\">\n\t\t\t\t\t\t<div class=\"elementor-container elementor-column-gap-default\">\n\t\t\t\t\t<div class=\"elementor-column elementor-col-100 elementor-inner-column elementor-element elementor-element-017b829\" data-id=\"017b829\" data-element_type=\"column\">\n\t\t\t<div class=\"elementor-widget-wrap elementor-element-populated\">\n\t\t\t\t\t\t<div class=\"elementor-element elementor-element-655ca94 elementor-widget elementor-widget-text-editor\" data-id=\"655ca94\" data-element_type=\"widget\" data-widget_type=\"text-editor.default\">\n\t\t\t\t<div class=\"elementor-widget-container\">\n\t\t\t\t\t\t\t<p style=\"text-align: center;\">TRB je uspe\u0161no preduze\u0107e koje je kroz ekonomsku revitalizaciju, zapo\u0161ljavanje stanovni\u0161tva, pozitivno poslovanje i integraciju \u0161ire poslovne zajednice doprinelo ekonomskom razvoju na lokalnom i me\u0111unarodnom nivou.<\/p><p style=\"text-align: center;\">TRB samo na podru\u010dju op\u0161tine Bratunac zapo\u0161ljava vi\u0161e od 200 ljudi, a  pod svojim okriljem ima i veliki broj ljudi koji su anga\u017eovani kroz kooperacije, saradnike, konsultante, kooperante, male preduzetnike, kao i jedan broj zaposlenih u Republici Namibiji.<\/p><p style=\"text-align: center;\">Usvojili smo odgovoran pristup koji nas je kroz eksponencijalni rast pozicionirao kao prepoznatljivog i pouzdanog poslodavca i poslovnog partnera.<\/p>\t\t\t\t\t\t<\/div>\n\t\t\t\t<\/div>\n\t\t\t\t\t<\/div>\n\t\t<\/div>\n\t\t\t\t\t<\/div>\n\t\t<\/section>\n\t\t\t\t<div class=\"elementor-element elementor-element-5964d07 elementor-widget elementor-widget-spacer\" data-id=\"5964d07\" data-element_type=\"widget\" data-widget_type=\"spacer.default\">\n\t\t\t\t<div class=\"elementor-widget-container\">\n\t\t\t\t\t<div class=\"elementor-spacer\">\n\t\t\t<div class=\"elementor-spacer-inner\"><\/div>\n\t\t<\/div>\n\t\t\t\t<\/div>\n\t\t\t\t<\/div>\n\t\t\t\t\t<\/div>\n\t\t<\/div>\n\t\t\t\t<div class=\"elementor-column elementor-col-50 elementor-top-column elementor-element elementor-element-132f675\" data-id=\"132f675\" data-element_type=\"column\">\n\t\t\t<div class=\"elementor-widget-wrap elementor-element-populated\">\n\t\t\t\t\t\t<div class=\"elementor-element elementor-element-1fd2950 elementor-widget elementor-widget-spacer\" data-id=\"1fd2950\" data-element_type=\"widget\" data-widget_type=\"spacer.default\">\n\t\t\t\t<div class=\"elementor-widget-container\">\n\t\t\t\t\t<div class=\"elementor-spacer\">\n\t\t\t<div class=\"elementor-spacer-inner\"><\/div>\n\t\t<\/div>\n\t\t\t\t<\/div>\n\t\t\t\t<\/div>\n\t\t\t\t<div class=\"elementor-element elementor-element-fc0f971 elementor-widget elementor-widget-image\" data-id=\"fc0f971\" data-element_type=\"widget\" data-widget_type=\"image.default\">\n\t\t\t\t<div class=\"elementor-widget-container\">\n\t\t\t\t\t\t\t\t\t\t\t\t\t<img loading=\"lazy\" decoding=\"async\" width=\"1024\" height=\"683\" src=\"https:\/\/trb.ba\/wp-content\/uploads\/2019\/06\/TN4_9264-1024x683.jpg\" class=\"attachment-large size-large wp-image-6656\" alt=\"\" srcset=\"https:\/\/trb.ba\/wp-content\/uploads\/2019\/06\/TN4_9264-1024x683.jpg 1024w, https:\/\/trb.ba\/wp-content\/uploads\/2019\/06\/TN4_9264-300x200.jpg 300w, https:\/\/trb.ba\/wp-content\/uploads\/2019\/06\/TN4_9264-768x512.jpg 768w, https:\/\/trb.ba\/wp-content\/uploads\/2019\/06\/TN4_9264-1366x910.jpg 1366w, https:\/\/trb.ba\/wp-content\/uploads\/2019\/06\/TN4_9264-1920x1280.jpg 1920w\" sizes=\"(max-width: 940px) 100vw, 940px\" \/>\t\t\t\t\t\t\t\t\t\t\t\t\t<\/div>\n\t\t\t\t<\/div>\n\t\t\t\t\t<\/div>\n\t\t<\/div>\n\t\t\t\t\t<\/div>\n\t\t<\/section>\n\t\t\t\t<\/div>","protected":false},"excerpt":{"rendered":"<p>The impact of our workforce TRB value is generated through our employees who realize and implement their ideas in the production process, and whose commitment and responsibility has made us what we are today- a responsible and ethical company. Transparency, dependability, honesty and responsibility are deeply entrenched and form the manner of our business on [&hellip;]<\/p>","protected":false},"author":1,"featured_media":0,"parent":0,"menu_order":0,"comment_status":"closed","ping_status":"closed","template":"elementor_header_footer","meta":{"_acf_changed":false,"footnotes":""},"acf":[],"_links":{"self":[{"href":"https:\/\/trb.ba\/sr\/wp-json\/wp\/v2\/pages\/6647"}],"collection":[{"href":"https:\/\/trb.ba\/sr\/wp-json\/wp\/v2\/pages"}],"about":[{"href":"https:\/\/trb.ba\/sr\/wp-json\/wp\/v2\/types\/page"}],"author":[{"embeddable":true,"href":"https:\/\/trb.ba\/sr\/wp-json\/wp\/v2\/users\/1"}],"replies":[{"embeddable":true,"href":"https:\/\/trb.ba\/sr\/wp-json\/wp\/v2\/comments?post=6647"}],"version-history":[{"count":1,"href":"https:\/\/trb.ba\/sr\/wp-json\/wp\/v2\/pages\/6647\/revisions"}],"predecessor-version":[{"id":9359,"href":"https:\/\/trb.ba\/sr\/wp-json\/wp\/v2\/pages\/6647\/revisions\/9359"}],"wp:attachment":[{"href":"https:\/\/trb.ba\/sr\/wp-json\/wp\/v2\/media?parent=6647"}],"curies":[{"name":"wp","href":"https:\/\/api.w.org\/{rel}","templated":true}]}}