{"id":6094,"date":"2019-06-07T03:18:00","date_gmt":"2019-06-07T03:18:00","guid":{"rendered":"http:\/\/dev.trb.ba\/?page_id=6094"},"modified":"2024-09-11T19:24:06","modified_gmt":"2024-09-11T19:24:06","slug":"what-we-do","status":"publish","type":"page","link":"https:\/\/trb.ba\/sr\/about\/what-we-do\/","title":{"rendered":"\u010cime se bavimo"},"content":{"rendered":"<div data-elementor-type=\"wp-post\" data-elementor-id=\"6094\" class=\"elementor elementor-6094\" data-elementor-post-type=\"page\">\n\t\t\t\t\t\t<section class=\"elementor-section elementor-top-section elementor-element elementor-element-0a607f3 elementor-section-height-min-height elementor-section-boxed elementor-section-height-default elementor-section-items-middle\" data-id=\"0a607f3\" data-element_type=\"section\" data-settings=\"{&quot;background_background&quot;:&quot;classic&quot;}\">\n\t\t\t\t\t\t\t<div class=\"elementor-background-overlay\"><\/div>\n\t\t\t\t\t\t\t<div class=\"elementor-container elementor-column-gap-default\">\n\t\t\t\t\t<div class=\"elementor-column elementor-col-100 elementor-top-column elementor-element elementor-element-2b6e8f0\" data-id=\"2b6e8f0\" data-element_type=\"column\">\n\t\t\t<div class=\"elementor-widget-wrap elementor-element-populated\">\n\t\t\t\t\t\t\t<\/div>\n\t\t<\/div>\n\t\t\t\t\t<\/div>\n\t\t<\/section>\n\t\t\t\t<section class=\"elementor-section elementor-top-section elementor-element elementor-element-15eef0f elementor-section-boxed elementor-section-height-default elementor-section-height-default\" data-id=\"15eef0f\" data-element_type=\"section\">\n\t\t\t\t\t\t<div class=\"elementor-container elementor-column-gap-default\">\n\t\t\t\t\t<div class=\"elementor-column elementor-col-100 elementor-top-column elementor-element elementor-element-682b054\" data-id=\"682b054\" data-element_type=\"column\">\n\t\t\t<div class=\"elementor-widget-wrap elementor-element-populated\">\n\t\t\t\t\t\t<div class=\"elementor-element elementor-element-0bdcc0e elementor-widget elementor-widget-text-editor\" data-id=\"0bdcc0e\" data-element_type=\"widget\" data-widget_type=\"text-editor.default\">\n\t\t\t\t<div class=\"elementor-widget-container\">\n\t\t\t\t\t\t\t<h2>Na\u0161 neprikosnoveni, \u0161iroki spektar proizvoda i usluga usavr\u0161avali smo kroz decenije iskustva i kontinuiranog istra\u017eivanja i razvoja.<\/h2>\t\t\t\t\t\t<\/div>\n\t\t\t\t<\/div>\n\t\t\t\t<section class=\"elementor-section elementor-inner-section elementor-element elementor-element-2d45f89 elementor-section-boxed elementor-section-height-default elementor-section-height-default\" data-id=\"2d45f89\" data-element_type=\"section\">\n\t\t\t\t\t\t<div class=\"elementor-container elementor-column-gap-default\">\n\t\t\t\t\t<div class=\"elementor-column elementor-col-100 elementor-inner-column elementor-element elementor-element-557d9ee\" data-id=\"557d9ee\" data-element_type=\"column\">\n\t\t\t<div class=\"elementor-widget-wrap elementor-element-populated\">\n\t\t\t\t\t\t<div class=\"elementor-element elementor-element-5d7d0c4 elementor-widget elementor-widget-text-editor\" data-id=\"5d7d0c4\" data-element_type=\"widget\" data-widget_type=\"text-editor.default\">\n\t\t\t\t<div class=\"elementor-widget-container\">\n\t\t\t\t\t\t\t<p style=\"text-align: center;\">Kombinuju\u0107i temeljno znanje i integraciju tehnologija Istoka i Zapada, mi blisko sara\u0111ujemo sa na\u0161im klijentima i partnerima od poverenja kako bismo razvili, projektovali, proizveli i odr\u017eavali proizvode i integrisana re\u0161enja, prilago\u0111ene posebnim zahtevima na\u0161ih klijenata.<\/p>\t\t\t\t\t\t<\/div>\n\t\t\t\t<\/div>\n\t\t\t\t<div class=\"gt3-core-button--alignment_center elementor-element elementor-element-23b7583 elementor-widget elementor-widget-gt3-core-button\" data-id=\"23b7583\" data-element_type=\"widget\" data-widget_type=\"gt3-core-button.default\">\n\t\t\t\t<div class=\"elementor-widget-container\">\n\t\t\t\t<div class=\"gt3_module_button_elementor size_normal alignment_center button_icon_none hover_none\">\r\n\t\t<a class=\"button_size_elementor_normal alignment_center border_icon_none hover_none btn_icon_position_left\" href=\"\/wp-content\/uploads\/2024\/05\/TRB_About-Us_presentation_2024.pdf\" target=\"_blank\">\r\n\t\t\t\t<span class=\"gt3_module_button__container\">\r\n\t\t\t\t\t\t\t\t\t\t\t<span class=\"gt3_module_button__cover front\"><span class=\"elementor_gt3_btn_text\">Preuzmi Bro\u0161uru<\/span><\/span>\r\n\t\t\t\t\t\t\t\t\t\t\t\t\t\t\t<\/span>\r\n\t\t<\/a>\r\n\t<\/div>\r\n\r\n\t\t<\/div>\n\t\t\t\t<\/div>\n\t\t\t\t<div class=\"elementor-element elementor-element-2f7ffa4 elementor-widget elementor-widget-spacer\" data-id=\"2f7ffa4\" data-element_type=\"widget\" data-widget_type=\"spacer.default\">\n\t\t\t\t<div class=\"elementor-widget-container\">\n\t\t\t\t\t<div class=\"elementor-spacer\">\n\t\t\t<div class=\"elementor-spacer-inner\"><\/div>\n\t\t<\/div>\n\t\t\t\t<\/div>\n\t\t\t\t<\/div>\n\t\t\t\t\t<\/div>\n\t\t<\/div>\n\t\t\t\t\t<\/div>\n\t\t<\/section>\n\t\t\t\t\t<\/div>\n\t\t<\/div>\n\t\t\t\t\t<\/div>\n\t\t<\/section>\n\t\t\t\t<section class=\"elementor-section elementor-top-section elementor-element elementor-element-c69b990 elementor-section-boxed elementor-section-height-default elementor-section-height-default\" data-id=\"c69b990\" data-element_type=\"section\">\n\t\t\t\t\t\t<div class=\"elementor-container elementor-column-gap-extended\">\n\t\t\t\t\t<div class=\"elementor-column elementor-col-33 elementor-top-column elementor-element elementor-element-2657190\" data-id=\"2657190\" data-element_type=\"column\">\n\t\t\t<div class=\"elementor-widget-wrap elementor-element-populated\">\n\t\t\t\t\t\t<div class=\"elementor-element elementor-element-f6775e2 elementor-position-top elementor-widget elementor-widget-image-box\" data-id=\"f6775e2\" data-element_type=\"widget\" data-widget_type=\"image-box.default\">\n\t\t\t\t<div class=\"elementor-widget-container\">\n\t\t\t<div class=\"elementor-image-box-wrapper\"><figure class=\"elementor-image-box-img\"><img fetchpriority=\"high\" decoding=\"async\" width=\"768\" height=\"576\" src=\"https:\/\/trb.ba\/wp-content\/uploads\/2019\/06\/wwd1-768x576.jpg\" class=\"attachment-medium_large size-medium_large wp-image-6286\" alt=\"\" srcset=\"https:\/\/trb.ba\/wp-content\/uploads\/2019\/06\/wwd1-768x576.jpg 768w, https:\/\/trb.ba\/wp-content\/uploads\/2019\/06\/wwd1-300x225.jpg 300w, https:\/\/trb.ba\/wp-content\/uploads\/2019\/06\/wwd1.jpg 800w\" \/><\/figure><\/div>\t\t<\/div>\n\t\t\t\t<\/div>\n\t\t\t\t<div class=\"elementor-element elementor-element-c4adc22 elementor-widget elementor-widget-spacer\" data-id=\"c4adc22\" data-element_type=\"widget\" data-widget_type=\"spacer.default\">\n\t\t\t\t<div class=\"elementor-widget-container\">\n\t\t\t\t\t<div class=\"elementor-spacer\">\n\t\t\t<div class=\"elementor-spacer-inner\"><\/div>\n\t\t<\/div>\n\t\t\t\t<\/div>\n\t\t\t\t<\/div>\n\t\t\t\t\t<\/div>\n\t\t<\/div>\n\t\t\t\t<div class=\"elementor-column elementor-col-33 elementor-top-column elementor-element elementor-element-31099d8\" data-id=\"31099d8\" data-element_type=\"column\">\n\t\t\t<div class=\"elementor-widget-wrap elementor-element-populated\">\n\t\t\t\t\t\t<div class=\"elementor-element elementor-element-d2de7d8 elementor-position-top elementor-widget elementor-widget-image-box\" data-id=\"d2de7d8\" data-element_type=\"widget\" data-widget_type=\"image-box.default\">\n\t\t\t\t<div class=\"elementor-widget-container\">\n\t\t\t<div class=\"elementor-image-box-wrapper\"><figure class=\"elementor-image-box-img\"><img decoding=\"async\" width=\"768\" height=\"576\" src=\"https:\/\/trb.ba\/wp-content\/uploads\/2019\/06\/wwd3-768x576.jpg\" class=\"attachment-medium_large size-medium_large wp-image-6287\" alt=\"\" srcset=\"https:\/\/trb.ba\/wp-content\/uploads\/2019\/06\/wwd3-768x576.jpg 768w, https:\/\/trb.ba\/wp-content\/uploads\/2019\/06\/wwd3-300x225.jpg 300w, https:\/\/trb.ba\/wp-content\/uploads\/2019\/06\/wwd3.jpg 800w\" \/><\/figure><\/div>\t\t<\/div>\n\t\t\t\t<\/div>\n\t\t\t\t<div class=\"elementor-element elementor-element-d68f4e6 elementor-widget elementor-widget-spacer\" data-id=\"d68f4e6\" data-element_type=\"widget\" data-widget_type=\"spacer.default\">\n\t\t\t\t<div class=\"elementor-widget-container\">\n\t\t\t\t\t<div class=\"elementor-spacer\">\n\t\t\t<div class=\"elementor-spacer-inner\"><\/div>\n\t\t<\/div>\n\t\t\t\t<\/div>\n\t\t\t\t<\/div>\n\t\t\t\t\t<\/div>\n\t\t<\/div>\n\t\t\t\t<div class=\"elementor-column elementor-col-33 elementor-top-column elementor-element elementor-element-75e12ee\" data-id=\"75e12ee\" data-element_type=\"column\">\n\t\t\t<div class=\"elementor-widget-wrap elementor-element-populated\">\n\t\t\t\t\t\t<div class=\"elementor-element elementor-element-febadcb elementor-position-top elementor-widget elementor-widget-image-box\" data-id=\"febadcb\" data-element_type=\"widget\" data-widget_type=\"image-box.default\">\n\t\t\t\t<div class=\"elementor-widget-container\">\n\t\t\t<div class=\"elementor-image-box-wrapper\"><figure class=\"elementor-image-box-img\"><img decoding=\"async\" width=\"768\" height=\"576\" src=\"https:\/\/trb.ba\/wp-content\/uploads\/2019\/06\/wwd2-768x576.jpg\" class=\"attachment-medium_large size-medium_large wp-image-6288\" alt=\"\" srcset=\"https:\/\/trb.ba\/wp-content\/uploads\/2019\/06\/wwd2-768x576.jpg 768w, https:\/\/trb.ba\/wp-content\/uploads\/2019\/06\/wwd2-300x225.jpg 300w, https:\/\/trb.ba\/wp-content\/uploads\/2019\/06\/wwd2.jpg 800w\" \/><\/figure><\/div>\t\t<\/div>\n\t\t\t\t<\/div>\n\t\t\t\t<div class=\"elementor-element elementor-element-b363ac7 elementor-widget elementor-widget-spacer\" data-id=\"b363ac7\" data-element_type=\"widget\" data-widget_type=\"spacer.default\">\n\t\t\t\t<div class=\"elementor-widget-container\">\n\t\t\t\t\t<div class=\"elementor-spacer\">\n\t\t\t<div class=\"elementor-spacer-inner\"><\/div>\n\t\t<\/div>\n\t\t\t\t<\/div>\n\t\t\t\t<\/div>\n\t\t\t\t\t<\/div>\n\t\t<\/div>\n\t\t\t\t\t<\/div>\n\t\t<\/section>\n\t\t\t\t<section class=\"elementor-section elementor-top-section elementor-element elementor-element-87321e1 elementor-section-stretched elementor-section-full_width elementor-section-height-default elementor-section-height-default\" data-id=\"87321e1\" data-element_type=\"section\" data-settings=\"{&quot;stretch_section&quot;:&quot;section-stretched&quot;}\">\n\t\t\t\t\t\t<div class=\"elementor-container elementor-column-gap-default\">\n\t\t\t\t\t<div class=\"elementor-column elementor-col-100 elementor-top-column elementor-element elementor-element-bb39ead\" data-id=\"bb39ead\" data-element_type=\"column\">\n\t\t\t<div class=\"elementor-widget-wrap elementor-element-populated\">\n\t\t\t\t\t\t<section class=\"elementor-section elementor-inner-section elementor-element elementor-element-f5cc959 elementor-section-boxed elementor-section-height-default elementor-section-height-default\" data-id=\"f5cc959\" data-element_type=\"section\" data-settings=\"{&quot;background_background&quot;:&quot;classic&quot;,&quot;background_motion_fx_motion_fx_scrolling&quot;:&quot;yes&quot;,&quot;background_motion_fx_blur_effect&quot;:&quot;yes&quot;,&quot;background_motion_fx_blur_direction&quot;:&quot;out-in&quot;,&quot;background_motion_fx_blur_level&quot;:{&quot;unit&quot;:&quot;px&quot;,&quot;size&quot;:7,&quot;sizes&quot;:[]},&quot;background_motion_fx_blur_range&quot;:{&quot;unit&quot;:&quot;%&quot;,&quot;size&quot;:&quot;&quot;,&quot;sizes&quot;:{&quot;start&quot;:20,&quot;end&quot;:80}},&quot;background_motion_fx_devices&quot;:[&quot;desktop&quot;,&quot;tablet&quot;,&quot;mobile&quot;]}\">\n\t\t\t\t\t\t\t<div class=\"elementor-background-overlay\"><\/div>\n\t\t\t\t\t\t\t<div class=\"elementor-container elementor-column-gap-default\">\n\t\t\t\t\t<div class=\"elementor-column elementor-col-100 elementor-inner-column elementor-element elementor-element-5d57d22\" data-id=\"5d57d22\" data-element_type=\"column\">\n\t\t\t<div class=\"elementor-widget-wrap elementor-element-populated\">\n\t\t\t\t\t\t<div class=\"elementor-element elementor-element-1549a77 elementor-widget elementor-widget-spacer\" data-id=\"1549a77\" data-element_type=\"widget\" data-widget_type=\"spacer.default\">\n\t\t\t\t<div class=\"elementor-widget-container\">\n\t\t\t\t\t<div class=\"elementor-spacer\">\n\t\t\t<div class=\"elementor-spacer-inner\"><\/div>\n\t\t<\/div>\n\t\t\t\t<\/div>\n\t\t\t\t<\/div>\n\t\t\t\t<div class=\"elementor-element elementor-element-aef6354 elementor-widget elementor-widget-text-editor\" data-id=\"aef6354\" data-element_type=\"widget\" data-widget_type=\"text-editor.default\">\n\t\t\t\t<div class=\"elementor-widget-container\">\n\t\t\t\t\t\t\t<p>Pru\u017eanjem podr\u0161ke za\u0161titi nacionalne bezbednosti i imovine, TRB proizvodi i usluge unapre\u0111uju i ja\u010daju nacionalne odbrambene sposobnosti. Mi gradimo lokalne kapacitete i sposobnosti kad god je to moguc\u0301e, bilo da je re\u010d o transferu znanja ili ve\u0161tina.<\/p>\t\t\t\t\t\t<\/div>\n\t\t\t\t<\/div>\n\t\t\t\t<div class=\"elementor-element elementor-element-dcf150d elementor-widget elementor-widget-spacer\" data-id=\"dcf150d\" data-element_type=\"widget\" data-widget_type=\"spacer.default\">\n\t\t\t\t<div class=\"elementor-widget-container\">\n\t\t\t\t\t<div class=\"elementor-spacer\">\n\t\t\t<div class=\"elementor-spacer-inner\"><\/div>\n\t\t<\/div>\n\t\t\t\t<\/div>\n\t\t\t\t<\/div>\n\t\t\t\t\t<\/div>\n\t\t<\/div>\n\t\t\t\t\t<\/div>\n\t\t<\/section>\n\t\t\t\t<div class=\"elementor-element elementor-element-889333d elementor-widget elementor-widget-spacer\" data-id=\"889333d\" data-element_type=\"widget\" data-widget_type=\"spacer.default\">\n\t\t\t\t<div class=\"elementor-widget-container\">\n\t\t\t\t\t<div class=\"elementor-spacer\">\n\t\t\t<div class=\"elementor-spacer-inner\"><\/div>\n\t\t<\/div>\n\t\t\t\t<\/div>\n\t\t\t\t<\/div>\n\t\t\t\t\t<\/div>\n\t\t<\/div>\n\t\t\t\t\t<\/div>\n\t\t<\/section>\n\t\t\t\t<section class=\"elementor-section elementor-top-section elementor-element elementor-element-222b6a9 elementor-section-boxed elementor-section-height-default elementor-section-height-default\" data-id=\"222b6a9\" data-element_type=\"section\">\n\t\t\t\t\t\t<div class=\"elementor-container elementor-column-gap-default\">\n\t\t\t\t\t<div class=\"elementor-column elementor-col-100 elementor-top-column elementor-element elementor-element-4ca875f\" data-id=\"4ca875f\" data-element_type=\"column\">\n\t\t\t<div class=\"elementor-widget-wrap\">\n\t\t\t\t\t\t\t<\/div>\n\t\t<\/div>\n\t\t\t\t\t<\/div>\n\t\t<\/section>\n\t\t\t\t<\/div>","protected":false},"excerpt":{"rendered":"<p>Our superior, wide-ranging products &amp; services portfolio has been honed through decades of experience and continuous research &amp; development. Combining in-depth knowledge of the utility and integration of East &amp; West technologies, we work closely with our customers and trusted partners to develop, engineer, manufacture and support products and integrated solutions tailored specifically to individual [&hellip;]<\/p>","protected":false},"author":1,"featured_media":0,"parent":110,"menu_order":0,"comment_status":"closed","ping_status":"closed","template":"elementor_header_footer","meta":{"_acf_changed":false,"footnotes":""},"acf":[],"_links":{"self":[{"href":"https:\/\/trb.ba\/sr\/wp-json\/wp\/v2\/pages\/6094"}],"collection":[{"href":"https:\/\/trb.ba\/sr\/wp-json\/wp\/v2\/pages"}],"about":[{"href":"https:\/\/trb.ba\/sr\/wp-json\/wp\/v2\/types\/page"}],"author":[{"embeddable":true,"href":"https:\/\/trb.ba\/sr\/wp-json\/wp\/v2\/users\/1"}],"replies":[{"embeddable":true,"href":"https:\/\/trb.ba\/sr\/wp-json\/wp\/v2\/comments?post=6094"}],"version-history":[{"count":5,"href":"https:\/\/trb.ba\/sr\/wp-json\/wp\/v2\/pages\/6094\/revisions"}],"predecessor-version":[{"id":9368,"href":"https:\/\/trb.ba\/sr\/wp-json\/wp\/v2\/pages\/6094\/revisions\/9368"}],"up":[{"embeddable":true,"href":"https:\/\/trb.ba\/sr\/wp-json\/wp\/v2\/pages\/110"}],"wp:attachment":[{"href":"https:\/\/trb.ba\/sr\/wp-json\/wp\/v2\/media?parent=6094"}],"curies":[{"name":"wp","href":"https:\/\/api.w.org\/{rel}","templated":true}]}}