{"id":6999,"date":"2020-03-25T14:14:54","date_gmt":"2020-03-25T14:14:54","guid":{"rendered":"https:\/\/trb.ba\/?page_id=6999"},"modified":"2020-04-14T08:44:56","modified_gmt":"2020-04-14T08:44:56","slug":"covid-19","status":"publish","type":"page","link":"https:\/\/trb.ba\/en\/covid-19\/","title":{"rendered":"COVID-19"},"content":{"rendered":"\t\t<div data-elementor-type=\"wp-page\" data-elementor-id=\"6999\" class=\"elementor elementor-6999\" data-elementor-post-type=\"page\">\n\t\t\t\t\t\t<section class=\"elementor-section elementor-top-section elementor-element elementor-element-962f570 elementor-section-boxed elementor-section-height-default elementor-section-height-default\" data-id=\"962f570\" data-element_type=\"section\">\n\t\t\t\t\t\t<div class=\"elementor-container elementor-column-gap-default\">\n\t\t\t\t\t<div class=\"elementor-column elementor-col-100 elementor-top-column elementor-element elementor-element-40cbcd7\" data-id=\"40cbcd7\" data-element_type=\"column\">\n\t\t\t<div class=\"elementor-widget-wrap elementor-element-populated\">\n\t\t\t\t\t\t<div class=\"elementor-element elementor-element-70c0954 elementor-widget elementor-widget-image\" data-id=\"70c0954\" data-element_type=\"widget\" data-widget_type=\"image.default\">\n\t\t\t\t<div class=\"elementor-widget-container\">\n\t\t\t\t\t\t\t\t\t\t\t\t\t<img fetchpriority=\"high\" decoding=\"async\" width=\"1920\" height=\"300\" src=\"https:\/\/trb.ba\/wp-content\/uploads\/2020\/03\/TRB_Respiratori-za-srpsku_cover.jpg\" class=\"attachment-full size-full wp-image-7001\" alt=\"\" srcset=\"https:\/\/trb.ba\/wp-content\/uploads\/2020\/03\/TRB_Respiratori-za-srpsku_cover.jpg 1920w, https:\/\/trb.ba\/wp-content\/uploads\/2020\/03\/TRB_Respiratori-za-srpsku_cover-300x47.jpg 300w, https:\/\/trb.ba\/wp-content\/uploads\/2020\/03\/TRB_Respiratori-za-srpsku_cover-768x120.jpg 768w, https:\/\/trb.ba\/wp-content\/uploads\/2020\/03\/TRB_Respiratori-za-srpsku_cover-1024x160.jpg 1024w, https:\/\/trb.ba\/wp-content\/uploads\/2020\/03\/TRB_Respiratori-za-srpsku_cover-1366x213.jpg 1366w, https:\/\/trb.ba\/wp-content\/uploads\/2020\/03\/TRB_Respiratori-za-srpsku_cover-750x117.jpg 750w, https:\/\/trb.ba\/wp-content\/uploads\/2020\/03\/TRB_Respiratori-za-srpsku_cover-1140x178.jpg 1140w\" sizes=\"(max-width: 1920px) 100vw, 1920px\" \/>\t\t\t\t\t\t\t\t\t\t\t\t\t<\/div>\n\t\t\t\t<\/div>\n\t\t\t\t\t<\/div>\n\t\t<\/div>\n\t\t\t\t\t<\/div>\n\t\t<\/section>\n\t\t\t\t<section class=\"elementor-section elementor-top-section elementor-element elementor-element-f5e0ad8 elementor-section-boxed elementor-section-height-default elementor-section-height-default\" data-id=\"f5e0ad8\" data-element_type=\"section\">\n\t\t\t\t\t\t<div class=\"elementor-container elementor-column-gap-default\">\n\t\t\t\t\t<div class=\"elementor-column elementor-col-100 elementor-top-column elementor-element elementor-element-61ad93f\" data-id=\"61ad93f\" data-element_type=\"column\">\n\t\t\t<div class=\"elementor-widget-wrap elementor-element-populated\">\n\t\t\t\t\t\t<section class=\"elementor-section elementor-inner-section elementor-element elementor-element-38bfe68 elementor-section-boxed elementor-section-height-default elementor-section-height-default\" data-id=\"38bfe68\" data-element_type=\"section\">\n\t\t\t\t\t\t<div class=\"elementor-container elementor-column-gap-default\">\n\t\t\t\t\t<div class=\"elementor-column elementor-col-50 elementor-inner-column elementor-element elementor-element-fb26566\" data-id=\"fb26566\" data-element_type=\"column\">\n\t\t\t<div class=\"elementor-widget-wrap elementor-element-populated\">\n\t\t\t\t\t\t<div class=\"elementor-element elementor-element-3071014 elementor-widget elementor-widget-counter\" data-id=\"3071014\" data-element_type=\"widget\" data-widget_type=\"counter.default\">\n\t\t\t\t<div class=\"elementor-widget-container\">\n\t\t\t\t\t<div class=\"elementor-counter\">\n\t\t\t<div class=\"elementor-counter-title\">Ukupno donacija<\/div>\t\t\t<div class=\"elementor-counter-number-wrapper\">\n\t\t\t\t<span class=\"elementor-counter-number-prefix\"><\/span>\n\t\t\t\t<span class=\"elementor-counter-number\" data-duration=\"2000\" data-to-value=\"1411816.91\" data-from-value=\"0\" data-delimiter=\",\">0<\/span>\n\t\t\t\t<span class=\"elementor-counter-number-suffix\"> KM<\/span>\n\t\t\t<\/div>\n\t\t<\/div>\n\t\t\t\t<\/div>\n\t\t\t\t<\/div>\n\t\t\t\t\t<\/div>\n\t\t<\/div>\n\t\t\t\t<div class=\"elementor-column elementor-col-50 elementor-inner-column elementor-element elementor-element-121023a\" data-id=\"121023a\" data-element_type=\"column\">\n\t\t\t<div class=\"elementor-widget-wrap elementor-element-populated\">\n\t\t\t\t\t\t<div class=\"elementor-element elementor-element-50bce1c elementor-widget elementor-widget-accordion\" data-id=\"50bce1c\" data-element_type=\"widget\" data-widget_type=\"accordion.default\">\n\t\t\t\t<div class=\"elementor-widget-container\">\n\t\t\t\t\t<div class=\"elementor-accordion\">\n\t\t\t\t\t\t\t<div class=\"elementor-accordion-item\">\n\t\t\t\t\t<div id=\"elementor-tab-title-8461\" class=\"elementor-tab-title\" data-tab=\"1\" role=\"button\" aria-controls=\"elementor-tab-content-8461\" aria-expanded=\"false\">\n\t\t\t\t\t\t\t\t\t\t\t\t\t<span class=\"elementor-accordion-icon elementor-accordion-icon-left\" aria-hidden=\"true\">\n\t\t\t\t\t\t\t\t\t\t\t\t\t\t\t<span class=\"elementor-accordion-icon-closed\"><i class=\"fas fa-plus\"><\/i><\/span>\n\t\t\t\t\t\t\t\t<span class=\"elementor-accordion-icon-opened\"><i class=\"fas fa-minus\"><\/i><\/span>\n\t\t\t\t\t\t\t\t\t\t\t\t\t\t<\/span>\n\t\t\t\t\t\t\t\t\t\t\t\t<a class=\"elementor-accordion-title\" tabindex=\"0\">Ra\u010dun kod doma\u0107e banke<\/a>\n\t\t\t\t\t<\/div>\n\t\t\t\t\t<div id=\"elementor-tab-content-8461\" class=\"elementor-tab-content elementor-clearfix\" data-tab=\"1\" role=\"region\" aria-labelledby=\"elementor-tab-title-8461\"><h6>Na\u0161a banka a.d.<\/h6><h6>Broj ra\u010duna KM: 554 001 00001246 29<\/h6><\/div>\n\t\t\t\t<\/div>\n\t\t\t\t\t\t\t<div class=\"elementor-accordion-item\">\n\t\t\t\t\t<div id=\"elementor-tab-title-8462\" class=\"elementor-tab-title\" data-tab=\"2\" role=\"button\" aria-controls=\"elementor-tab-content-8462\" aria-expanded=\"false\">\n\t\t\t\t\t\t\t\t\t\t\t\t\t<span class=\"elementor-accordion-icon elementor-accordion-icon-left\" aria-hidden=\"true\">\n\t\t\t\t\t\t\t\t\t\t\t\t\t\t\t<span class=\"elementor-accordion-icon-closed\"><i class=\"fas fa-plus\"><\/i><\/span>\n\t\t\t\t\t\t\t\t<span class=\"elementor-accordion-icon-opened\"><i class=\"fas fa-minus\"><\/i><\/span>\n\t\t\t\t\t\t\t\t\t\t\t\t\t\t<\/span>\n\t\t\t\t\t\t\t\t\t\t\t\t<a class=\"elementor-accordion-title\" tabindex=\"0\">Payment instruction EUR<\/a>\n\t\t\t\t\t<\/div>\n\t\t\t\t\t<div id=\"elementor-tab-content-8462\" class=\"elementor-tab-content elementor-clearfix\" data-tab=\"2\" role=\"region\" aria-labelledby=\"elementor-tab-title-8462\"><h6>Account with Institution:<\/h6><h6>NASA BANKA AD<\/h6><h6>BA-76300 BIJELJINA, BIH<\/h6><h6>SWIFT: PAVLBA22<\/h6><h6>Beneficiary:<\/h6><h6>GRADSKA ORGANIZACIJA CRVENOG KRSTA<\/h6><h6>BA-76300 BIJELJINA, BIH<\/h6><h6>Nu\u0161i\u0107eva br. 22<\/h6><h6>\u00a0<\/h6><h6>IBAN CODE: BA395547800010630164<\/h6><h6>\u00a0<\/h6><h6>Correspondent Banks of NASA BANKA AD:<\/h6><h6>UNICREDIT BANK AG (HYPOVERAINSBANK)<\/h6><h6>MUENCHEN<\/h6><h6>SWIFT: HYVEDEMM<\/h6><\/div>\n\t\t\t\t<\/div>\n\t\t\t\t\t\t\t<div class=\"elementor-accordion-item\">\n\t\t\t\t\t<div id=\"elementor-tab-title-8463\" class=\"elementor-tab-title\" data-tab=\"3\" role=\"button\" aria-controls=\"elementor-tab-content-8463\" aria-expanded=\"false\">\n\t\t\t\t\t\t\t\t\t\t\t\t\t<span class=\"elementor-accordion-icon elementor-accordion-icon-left\" aria-hidden=\"true\">\n\t\t\t\t\t\t\t\t\t\t\t\t\t\t\t<span class=\"elementor-accordion-icon-closed\"><i class=\"fas fa-plus\"><\/i><\/span>\n\t\t\t\t\t\t\t\t<span class=\"elementor-accordion-icon-opened\"><i class=\"fas fa-minus\"><\/i><\/span>\n\t\t\t\t\t\t\t\t\t\t\t\t\t\t<\/span>\n\t\t\t\t\t\t\t\t\t\t\t\t<a class=\"elementor-accordion-title\" tabindex=\"0\">Payment instruction USD\/EUR<\/a>\n\t\t\t\t\t<\/div>\n\t\t\t\t\t<div id=\"elementor-tab-content-8463\" class=\"elementor-tab-content elementor-clearfix\" data-tab=\"3\" role=\"region\" aria-labelledby=\"elementor-tab-title-8463\"><h6>Account with Institution:<\/h6><h6>NASA BANKA AD<\/h6><h6>BA-76300 BIJELJINA, BIH<\/h6><h6>SWIFT: PAVLBA22<\/h6><h6>\u00a0<\/h6><h6>Beneficiary:<\/h6><h6>GRADSKA ORGANIZACIJA CRVENOG KRSTA<\/h6><h6>BA-76300 BIJELJINA, BIH<\/h6><h6>Nu\u0161i\u0107eva br. 22<\/h6><h6>\u00a0<\/h6><h6>IBAN CODE: BA395547800010630164<\/h6><h6>\u00a0<\/h6><h6>Correspondent Banks of NASA BANKA AD:<\/h6><h6>SBERBANK MOSCOW<\/h6><h6>MOSCOW<\/h6><h6>SWIFT: SABRRUMM<\/h6><h6>\u00a0<\/h6><\/div>\n\t\t\t\t<\/div>\n\t\t\t\t\t\t\t<div class=\"elementor-accordion-item\">\n\t\t\t\t\t<div id=\"elementor-tab-title-8464\" class=\"elementor-tab-title\" data-tab=\"4\" role=\"button\" aria-controls=\"elementor-tab-content-8464\" aria-expanded=\"false\">\n\t\t\t\t\t\t\t\t\t\t\t\t\t<span class=\"elementor-accordion-icon elementor-accordion-icon-left\" aria-hidden=\"true\">\n\t\t\t\t\t\t\t\t\t\t\t\t\t\t\t<span class=\"elementor-accordion-icon-closed\"><i class=\"fas fa-plus\"><\/i><\/span>\n\t\t\t\t\t\t\t\t<span class=\"elementor-accordion-icon-opened\"><i class=\"fas fa-minus\"><\/i><\/span>\n\t\t\t\t\t\t\t\t\t\t\t\t\t\t<\/span>\n\t\t\t\t\t\t\t\t\t\t\t\t<a class=\"elementor-accordion-title\" tabindex=\"0\">Lista donatora<\/a>\n\t\t\t\t\t<\/div>\n\t\t\t\t\t<div id=\"elementor-tab-content-8464\" class=\"elementor-tab-content elementor-clearfix\" data-tab=\"4\" role=\"region\" aria-labelledby=\"elementor-tab-title-8464\"><p>EVIDENCIJA FIRMI I FIZI\u010cKIH LICA KOJA SU SE ODAZVALA AKCIJI<\/p><table width=\"395\"><tbody><tr><td width=\"71\">1<\/td><td width=\"324\">ROTARI KLUB<\/td><\/tr><tr><td width=\"71\">2<\/td><td width=\"324\">SPORT VISION DOO<\/td><\/tr><tr><td width=\"71\">3<\/td><td width=\"324\">VLADO (MOM\u010cILO)<\/td><\/tr><tr><td width=\"71\">4<\/td><td width=\"324\">FALCON DOO<\/td><\/tr><tr><td width=\"71\">5<\/td><td width=\"324\">SPARK DOO<\/td><\/tr><tr><td width=\"71\">6<\/td><td width=\"324\">DMV DOO BIJELJINA<\/td><\/tr><tr><td width=\"71\">7<\/td><td width=\"324\">SEMBERIJA TRANSPORT A.D.<\/td><\/tr><tr><td width=\"71\">8<\/td><td width=\"324\">SPEKTAR DRINK DOO<\/td><\/tr><tr><td width=\"71\">9<\/td><td width=\"324\">HIGRA DOO BIJELJINA<\/td><\/tr><tr><td width=\"71\">10<\/td><td width=\"324\">GRAD ZVORNIK<\/td><\/tr><tr><td width=\"71\">11<\/td><td width=\"324\">BP DRAGSTES DOO<\/td><\/tr><tr><td width=\"71\">12<\/td><td width=\"324\">ALUMINA DOO<\/td><\/tr><tr><td width=\"71\">13<\/td><td width=\"324\">INTERGAJ DOO<\/td><\/tr><tr><td width=\"71\">14<\/td><td width=\"324\">NA\u0160A BANKA AD<\/td><\/tr><tr><td width=\"71\">15<\/td><td width=\"324\">MEDALJON PROMET<\/td><\/tr><tr><td width=\"71\">16<\/td><td width=\"324\">MEGA DRVO DOO<\/td><\/tr><tr><td width=\"71\">17<\/td><td width=\"324\">RAKI\u0106 KOMERC DOO<\/td><\/tr><tr><td width=\"71\">18<\/td><td width=\"324\">ELEPHANT SOLUTIONS<\/td><\/tr><tr><td width=\"71\">19<\/td><td width=\"324\">UPLATA ZA RESPIRATORE<\/td><\/tr><tr><td width=\"71\">20<\/td><td width=\"324\">SAVIC COMPANY DOO<\/td><\/tr><tr><td width=\"71\">21<\/td><td width=\"324\">TELRAD IN\u017dINJERING DOO<\/td><\/tr><tr><td width=\"71\">22<\/td><td width=\"324\">MIHAJLOVI\u0106 DOO<\/td><\/tr><tr><td width=\"71\">23<\/td><td width=\"324\">UPLATA ZA RESPIRATORE<\/td><\/tr><tr><td width=\"71\">24<\/td><td width=\"324\">ZU APOTEKE DR GOLI\u0106<\/td><\/tr><tr><td width=\"71\">25<\/td><td width=\"324\">PRIZMA DOO<\/td><\/tr><tr><td width=\"71\">26<\/td><td width=\"324\">CSP DOO BIJELJINA<\/td><\/tr><tr><td width=\"71\">27<\/td><td width=\"324\">PANSION DOO TRIJE\u0160NICA<\/td><\/tr><tr><td width=\"71\">28<\/td><td width=\"324\">TELRAD NET DOO<\/td><\/tr><tr><td width=\"71\">29<\/td><td width=\"324\">BODAXCO IMPEX<\/td><\/tr><tr><td width=\"71\">30<\/td><td width=\"324\">DOO MIHAJLOVIC<\/td><\/tr><tr><td width=\"71\">31<\/td><td width=\"324\">MOJI\u0106 DOO<\/td><\/tr><tr><td width=\"71\">32<\/td><td width=\"324\">EXCALIBURA DOO<\/td><\/tr><tr><td width=\"71\">33<\/td><td width=\"324\">ZP KOMERC VR\u0160ANI<\/td><\/tr><tr><td width=\"71\">34<\/td><td width=\"324\">MLADEN PANTI\u0106 TRNJACI<\/td><\/tr><tr><td width=\"71\">35<\/td><td width=\"324\">GRAD BIJELJINA<\/td><\/tr><tr><td width=\"71\">36<\/td><td width=\"324\">KONTO PROM DOO<\/td><\/tr><tr><td width=\"71\">37<\/td><td width=\"324\">AGROMARKET DOO<\/td><\/tr><tr><td width=\"71\">38<\/td><td width=\"324\">ZLATNI KLAS ZR MLIN<\/td><\/tr><tr><td width=\"71\">39<\/td><td width=\"324\">ZAVODOD ZA<\/td><\/tr><tr><td width=\"71\">40<\/td><td width=\"324\">UPLATA ZA RESPIRATORE<\/td><\/tr><tr><td width=\"71\">41<\/td><td width=\"324\">RA\u0160EVI\u0106I DOO<\/td><\/tr><tr><td width=\"71\">42<\/td><td width=\"324\">HEMOR IMPREGNACIJA<\/td><\/tr><tr><td width=\"71\">44<\/td><td width=\"324\">TROPIC MALOPRODAJA<\/td><\/tr><tr><td width=\"71\">45<\/td><td width=\"324\">MLIN PAVLOVIC DOO<\/td><\/tr><tr><td width=\"71\">46<\/td><td width=\"324\">MERIDIJANA DOO<\/td><\/tr><tr><td width=\"71\">47<\/td><td width=\"324\">NECOMS-PROJECT DOO<\/td><\/tr><tr><td width=\"71\">48<\/td><td width=\"324\">VODOVOD I KANALIZACIJA A.D.<\/td><\/tr><tr><td width=\"71\">49<\/td><td width=\"324\">SAN MARCO DOO<\/td><\/tr><tr><td width=\"71\">50<\/td><td width=\"324\">ALEKSANDAR (ILIJA) PAJKANOVIC<\/td><\/tr><tr><td width=\"71\">51<\/td><td width=\"324\">ZEGRAP DOO<\/td><\/tr><tr><td width=\"71\">52<\/td><td width=\"324\">DUSANKA (STEVO) TATIC<\/td><\/tr><tr><td width=\"71\">53<\/td><td width=\"324\">DJUKIC (MIROSLAV) MARIJA<\/td><\/tr><tr><td width=\"71\">54<\/td><td width=\"324\">MAJA (UROS) MEDAN RADMANOVIC<\/td><\/tr><tr><td width=\"71\">55<\/td><td width=\"324\">GEA GROUP\u00a0 DOO<\/td><\/tr><tr><td width=\"71\">56<\/td><td width=\"324\">OMNICOM DOO BANJALUKA<\/td><\/tr><tr><td width=\"71\">57<\/td><td width=\"324\">Elvaco MetPro doo<\/td><\/tr><tr><td width=\"71\">58<\/td><td width=\"324\">TEHNICKI REMONT AD<\/td><\/tr><tr><td width=\"71\">59<\/td><td width=\"324\">Kiko\u00a0 D.o.o<\/td><\/tr><tr><td width=\"71\">60<\/td><td width=\"324\">EURO STIL MK D.O.O. BIJELJINA<\/td><\/tr><tr><td width=\"71\">61<\/td><td width=\"324\">TRANSKOM 93 DOO BIJELJINA<\/td><\/tr><tr><td width=\"71\">62<\/td><td width=\"324\">OSIGURANJE NESKOVIC AD\u00a0<\/td><\/tr><tr><td width=\"71\">63<\/td><td width=\"324\">PRIZMA D.O.O.BIJELJINA\u00a0<\/td><\/tr><tr><td width=\"71\">64<\/td><td width=\"324\">DOO EUROGRAFIKA<\/td><\/tr><tr><td width=\"71\">65<\/td><td width=\"324\">EKO DOO<\/td><\/tr><tr><td width=\"71\">66<\/td><td width=\"324\">NOVOFORM DOO<\/td><\/tr><tr><td width=\"71\">67<\/td><td width=\"324\">BIJELJINA PUT DOO<\/td><\/tr><tr><td width=\"71\">68<\/td><td width=\"324\">VETAGRO DOO BIJELJINA<\/td><\/tr><tr><td width=\"71\">69<\/td><td width=\"324\">BRAZDA DOO<\/td><\/tr><tr><td width=\"71\">70<\/td><td width=\"324\">SANJA LJUBINKOVI\u0106<\/td><\/tr><tr><td width=\"71\">71<\/td><td width=\"324\">BRATUNAC KO<\/td><\/tr><tr><td width=\"71\">72<\/td><td width=\"324\">STEFANO BH D.O.O.<\/td><\/tr><tr><td width=\"71\">73<\/td><td width=\"324\">VETERINARSKI ZAVOD TEOLAB DOO DVOROVI<\/td><\/tr><tr><td width=\"71\">74<\/td><td width=\"324\">UGLJO DOO BIJELJINA<\/td><\/tr><tr><td width=\"71\">75<\/td><td width=\"324\">MODOSORO D.O.O. BIJELJINA, BATAR<\/td><\/tr><tr><td width=\"71\">76<\/td><td width=\"324\">JOVANOVI\u0106 ZORAN<\/td><\/tr><tr><td width=\"71\">77<\/td><td width=\"324\">VLADAN TODOROVI\u0106<\/td><\/tr><tr><td width=\"71\">78<\/td><td width=\"324\">ERI\u0106-M<\/td><\/tr><tr><td width=\"71\">79<\/td><td width=\"324\">TAHO BN DOO<\/td><\/tr><tr><td width=\"71\">80<\/td><td width=\"324\">SKYNET\u00a0<\/td><\/tr><tr><td width=\"71\">81<\/td><td width=\"324\">PODRU\u010cNA PRIVREDNA KOMORA BIJELJINA<\/td><\/tr><tr><td width=\"71\">82<\/td><td width=\"324\">HAPPY TRAVEL\u00a0<\/td><\/tr><tr><td width=\"71\">83<\/td><td width=\"324\">ELEKTROPLAMEN DOO<\/td><\/tr><tr><td width=\"71\">84<\/td><td width=\"324\">EPARHIJA ZVORNI\u010cKO-TUZLANSKA<\/td><\/tr><tr><td width=\"71\">85<\/td><td width=\"324\">MERMER ZANATSKA RADNJA<\/td><\/tr><tr><td width=\"71\">86<\/td><td width=\"324\">TRGOVA\u010cKA RADNJA TERAZIJE<\/td><\/tr><tr><td width=\"71\">87<\/td><td width=\"324\">TODA GROUP DOO<\/td><\/tr><tr><td width=\"71\">88<\/td><td width=\"324\">IGM DRINA<\/td><\/tr><tr><td width=\"71\">90<\/td><td width=\"324\">4. APRIL DOO<\/td><\/tr><tr><td width=\"71\">91<\/td><td width=\"324\">SLAVKO (CVIJETIN)<\/td><\/tr><tr><td width=\"71\">92<\/td><td width=\"324\">\u0110OR\u0110E (STANKO)\u00a0<\/td><\/tr><tr><td width=\"71\">93<\/td><td width=\"324\">MZ PROMET\u00a0<\/td><\/tr><tr><td width=\"71\">94<\/td><td width=\"324\">FINALPROM VM\u00a0<\/td><\/tr><tr><td width=\"71\">95<\/td><td width=\"324\">DESPOTOVI\u0106\u00a0<\/td><\/tr><tr><td width=\"71\">96<\/td><td width=\"324\">SA\u0160A PETKOVI\u0106<\/td><\/tr><tr><td width=\"71\">97<\/td><td width=\"324\">RIMAX INVEST\u00a0<\/td><\/tr><tr><td width=\"71\">98<\/td><td width=\"324\">PETROS DOO<\/td><\/tr><tr><td width=\"71\">99<\/td><td width=\"324\">PASS DOO<\/td><\/tr><tr><td width=\"71\">100<\/td><td width=\"324\">MUHAMED NI\u0160I\u0106<\/td><\/tr><tr><td width=\"71\">101<\/td><td width=\"324\">NA\u0160A BANKA AD<\/td><\/tr><tr><td width=\"71\">102<\/td><td width=\"324\">ZDRAVSTVENA USTANOVA MEDICAL<\/td><\/tr><tr><td width=\"71\">103<\/td><td width=\"324\">DORA ZANATSKA GRAFI\u010cKA RADNJA<\/td><\/tr><tr><td width=\"71\">104<\/td><td width=\"324\">ROYAL COLOR SP ZORAN SAVI\u0106 BIJELJINA<\/td><\/tr><tr><td width=\"71\">105<\/td><td width=\"324\">GORDAN (CEDO) PAPOVIC<\/td><\/tr><tr><td width=\"71\">106<\/td><td width=\"324\">DOO SHOLLEX INTERNATIONAL BIJELJINA<\/td><\/tr><tr><td width=\"71\">107<\/td><td width=\"324\">MONTING-MONTA\u017dA DOO<\/td><\/tr><tr><td width=\"71\">108<\/td><td width=\"324\">MIRJANA TANASIC<\/td><\/tr><tr><td width=\"71\">109<\/td><td width=\"324\">ZANATSKA BRAVARSKA RADNJA BRAV<\/td><\/tr><tr><td width=\"71\">110<\/td><td width=\"324\">BOJANA VUJADINOVIC<\/td><\/tr><tr><td width=\"71\">111<\/td><td width=\"324\">G&amp;S TRADE DOO<\/td><\/tr><tr><td width=\"71\">112<\/td><td width=\"324\">NA\u0160A BANKA AD<\/td><\/tr><tr><td width=\"71\">113<\/td><td width=\"324\">MIODRAG (GORNJA TRNOVA)<\/td><\/tr><tr><td width=\"71\">114<\/td><td width=\"324\">GRAD BIJELJINA<\/td><\/tr><tr><td width=\"71\">117<\/td><td width=\"324\">ETNO SELO STANI\u0160I\u0106I<\/td><\/tr><tr><td width=\"71\">118<\/td><td width=\"324\">GRA\u0110APROMET DOO<\/td><\/tr><tr><td width=\"71\">119<\/td><td width=\"324\">SD PROMET DOO<\/td><\/tr><tr><td width=\"71\">121<\/td><td width=\"324\">GP TEHNIKA IN\u017dINJERING DOO<\/td><\/tr><tr><td width=\"71\">122<\/td><td width=\"324\">AGROSOKI\u0106 DOO<\/td><\/tr><tr><td width=\"71\">123<\/td><td width=\"324\">SIMEX-PROM DOO<\/td><\/tr><tr><td width=\"71\">124<\/td><td width=\"324\">STECO CENTAR DOO<\/td><\/tr><tr><td width=\"71\">125<\/td><td width=\"324\">AGRO-RUMIX DOO<\/td><\/tr><tr><td width=\"71\">126<\/td><td width=\"324\">VLAJA TRGOVINSKA RADNJA<\/td><\/tr><tr><td width=\"71\">127<\/td><td>BODIROGA BOS\u030cKO\u00a0<\/td><\/tr><tr><td width=\"71\">128<\/td><td>BUNJEVAC NEBOJS\u030cA\u00a0<\/td><\/tr><tr><td width=\"71\">129<\/td><td>BUMBIC\u0301 LJUBINKO\u00a0<\/td><\/tr><tr><td width=\"71\">130<\/td><td>VASIC\u0301 IVAN\u00a0<\/td><\/tr><tr><td width=\"71\">131<\/td><td>VASIC\u0301 RADE\u00a0<\/td><\/tr><tr><td width=\"71\">132<\/td><td>VUKOVIC\u0301 STEVAN\u00a0<\/td><\/tr><tr><td width=\"71\">133<\/td><td>VESIC\u0301 ALEKSANDAR\u00a0<\/td><\/tr><tr><td width=\"71\">134<\/td><td>VITOR OBREN\u00a0<\/td><\/tr><tr><td width=\"71\">135<\/td><td>VUKSANOVIC\u0301 SLOBODAN\u00a0<\/td><\/tr><tr><td width=\"71\">136<\/td><td>GOLIJANIN IGOR\u00a0<\/td><\/tr><tr><td width=\"71\">137<\/td><td>GORONJIC\u0301 BOJAN\u00a0<\/td><\/tr><tr><td width=\"71\">138<\/td><td>ILIC\u0301 BOJANA\u00a0<\/td><\/tr><tr><td width=\"71\">139<\/td><td>ILIC\u0301 DANICA\u00a0<\/td><\/tr><tr><td width=\"71\">140<\/td><td>IVANOVIC\u0301 DRAGAN\u00a0<\/td><\/tr><tr><td width=\"71\">141<\/td><td>IVANOVIC\u0301 RADOJKA\u00a0<\/td><\/tr><tr><td width=\"71\">142<\/td><td>JANJIC\u0301 RADOVAN\u00a0<\/td><\/tr><tr><td width=\"71\">143<\/td><td>JOSIPOVIC\u0301 DRAGAN\u00a0<\/td><\/tr><tr><td width=\"71\">144<\/td><td>JOVIC\u0301 RADE\u00a0<\/td><\/tr><tr><td width=\"71\">145<\/td><td>JOSIPOVIC\u0301 SLAVIS\u030cA\u00a0<\/td><\/tr><tr><td width=\"71\">146<\/td><td>JOVIC\u0301 ZORAN\u00a0<\/td><\/tr><tr><td width=\"71\">147<\/td><td>JOVKOVIC\u0301 BOJAN\u00a0<\/td><\/tr><tr><td width=\"71\">148<\/td><td>KUKANJAC GORDANA\u00a0<\/td><\/tr><tr><td width=\"71\">149<\/td><td>KLAC\u030cAR BOZ\u030cIDAR\u00a0<\/td><\/tr><tr><td width=\"71\">150<\/td><td>KLAC\u030cAR MLADEN\u00a0<\/td><\/tr><tr><td width=\"71\">151<\/td><td>KREMIC\u0301 PETAR\u00a0<\/td><\/tr><tr><td width=\"71\">152<\/td><td>LAZIC\u0301 GORAN\u00a0<\/td><\/tr><tr><td width=\"71\">153<\/td><td>LAKIC\u0301 VELJO\u00a0<\/td><\/tr><tr><td width=\"71\">154<\/td><td>LUKIC\u0301 NEBOJS\u030cA\u00a0<\/td><\/tr><tr><td width=\"71\">155<\/td><td>MARTIC\u0301 SAS\u030cA\u00a0<\/td><\/tr><tr><td width=\"71\">156<\/td><td>MASAL MIODRAG\u00a0<\/td><\/tr><tr><td width=\"71\">157<\/td><td>MARTIC\u0301 ALEKSANDAR\u00a0<\/td><\/tr><tr><td width=\"71\">158<\/td><td>MILANOVIC\u0301 VUKOLA\u00a0<\/td><\/tr><tr><td width=\"71\">159<\/td><td>MIC\u030cIC\u0301 MILJAN\u00a0<\/td><\/tr><tr><td width=\"71\">160<\/td><td>MARKOVIC\u0301 PERICA\u00a0<\/td><\/tr><tr><td width=\"71\">161<\/td><td>NIKOLIC\u0301 TANJA\u00a0<\/td><\/tr><tr><td width=\"71\">162<\/td><td>NIKOLIC\u0301 SLOBODAN\u00a0<\/td><\/tr><tr><td width=\"71\">163<\/td><td>PAVLOVIC\u0301 VIOLETA\u00a0<\/td><\/tr><tr><td width=\"71\">164<\/td><td>PANDUREVIC\u0301 PETAR\u00a0<\/td><\/tr><tr><td width=\"71\">165<\/td><td>POPADIC\u0301 ZDRAVKO\u00a0<\/td><\/tr><tr><td width=\"71\">166<\/td><td>PETRIC\u0301 DUS\u030cAN\u00a0<\/td><\/tr><tr><td width=\"71\">167<\/td><td>RABOTA BRANISLAV\u00a0<\/td><\/tr><tr><td width=\"71\">168<\/td><td>RADIC\u0301 JOVANA\u00a0<\/td><\/tr><tr><td width=\"71\">169<\/td><td>RISTIC\u0301 IVANA\u00a0<\/td><\/tr><tr><td width=\"71\">170<\/td><td>RUZ\u030cIC\u0301 IGOR\u00a0<\/td><\/tr><tr><td width=\"71\">171<\/td><td>SAVIC\u0301 MLADEN\u00a0<\/td><\/tr><tr><td width=\"71\">172<\/td><td>SAVIC\u0301 SAVO\u00a0<\/td><\/tr><tr><td width=\"71\">173<\/td><td>SOLDAT DAVOR\u00a0<\/td><\/tr><tr><td width=\"71\">174<\/td><td>STEVANOVIC\u0301 STANKO\u00a0<\/td><\/tr><tr><td width=\"71\">175<\/td><td>STEVANOVIC\u0301 GORAN\u00a0<\/td><\/tr><tr><td width=\"71\">176<\/td><td>TODOROVIC\u0301 DARKO\u00a0<\/td><\/tr><tr><td width=\"71\">177<\/td><td>TINTOR SLAVKO\u00a0<\/td><\/tr><tr><td width=\"71\">178<\/td><td>C\u0301OSIC\u0301 VELISAV\u00a0<\/td><\/tr><tr><td width=\"71\">179<\/td><td>C\u030cAJEVIC\u0301 RADOMIR\u00a0<\/td><\/tr><tr><td width=\"71\">180<\/td><td>S\u030cARENAC Z\u030cELJKO\u00a0<\/td><\/tr><tr><td width=\"71\">181<\/td><td>S\u030cARENAC MIC\u030cIC\u0301 MIRJANA\u00a0<\/td><\/tr><tr><td width=\"71\">182<\/td><td>S\u030cARAC MARKO\u00a0<\/td><\/tr><\/tbody><\/table><p>\u00a0<\/p><\/div>\n\t\t\t\t<\/div>\n\t\t\t\t\t\t\t\t<\/div>\n\t\t\t\t<\/div>\n\t\t\t\t<\/div>\n\t\t\t\t\t<\/div>\n\t\t<\/div>\n\t\t\t\t\t<\/div>\n\t\t<\/section>\n\t\t\t\t\t<\/div>\n\t\t<\/div>\n\t\t\t\t\t<\/div>\n\t\t<\/section>\n\t\t\t\t<section class=\"elementor-section elementor-top-section elementor-element elementor-element-35cca41 elementor-section-boxed elementor-section-height-default elementor-section-height-default\" data-id=\"35cca41\" data-element_type=\"section\">\n\t\t\t\t\t\t<div class=\"elementor-container elementor-column-gap-default\">\n\t\t\t\t\t<div class=\"elementor-column elementor-col-100 elementor-top-column elementor-element elementor-element-3aec83f\" data-id=\"3aec83f\" data-element_type=\"column\">\n\t\t\t<div class=\"elementor-widget-wrap elementor-element-populated\">\n\t\t\t\t\t\t<div class=\"elementor-element elementor-element-d9343b8 elementor-widget elementor-widget-tp-blog-listout\" data-id=\"d9343b8\" data-element_type=\"widget\" data-widget_type=\"tp-blog-listout.default\">\n\t\t\t\t<div class=\"elementor-widget-container\">\n\t\t\t<h3 class=\"theplus-posts-not-found\">Posts not found<\/h3>\t\t<\/div>\n\t\t\t\t<\/div>\n\t\t\t\t\t<\/div>\n\t\t<\/div>\n\t\t\t\t\t<\/div>\n\t\t<\/section>\n\t\t\t\t<\/div>\n\t\t","protected":false},"excerpt":{"rendered":"<p>0 KM Ukupno donacija Ra\u010dun kod doma\u0107e banke Na\u0161a banka a.d. Broj ra\u010duna KM: 554 001 00001246 29 Payment instruction EUR Account with Institution: NASA BANKA AD BA-76300 BIJELJINA, BIH SWIFT: PAVLBA22 Beneficiary: GRADSKA ORGANIZACIJA CRVENOG KRSTA BA-76300 BIJELJINA, BIH Nu\u0161i\u0107eva br. 22 \u00a0 IBAN CODE: BA395547800010630164 \u00a0 Correspondent Banks of NASA BANKA AD: UNICREDIT [&hellip;]<\/p>\n","protected":false},"author":1,"featured_media":7001,"parent":0,"menu_order":0,"comment_status":"closed","ping_status":"closed","template":"","meta":{"_acf_changed":false,"footnotes":""},"acf":[],"_links":{"self":[{"href":"https:\/\/trb.ba\/en\/wp-json\/wp\/v2\/pages\/6999"}],"collection":[{"href":"https:\/\/trb.ba\/en\/wp-json\/wp\/v2\/pages"}],"about":[{"href":"https:\/\/trb.ba\/en\/wp-json\/wp\/v2\/types\/page"}],"author":[{"embeddable":true,"href":"https:\/\/trb.ba\/en\/wp-json\/wp\/v2\/users\/1"}],"replies":[{"embeddable":true,"href":"https:\/\/trb.ba\/en\/wp-json\/wp\/v2\/comments?post=6999"}],"version-history":[{"count":0,"href":"https:\/\/trb.ba\/en\/wp-json\/wp\/v2\/pages\/6999\/revisions"}],"wp:featuredmedia":[{"embeddable":true,"href":"https:\/\/trb.ba\/en\/wp-json\/wp\/v2\/media\/7001"}],"wp:attachment":[{"href":"https:\/\/trb.ba\/en\/wp-json\/wp\/v2\/media?parent=6999"}],"curies":[{"name":"wp","href":"https:\/\/api.w.org\/{rel}","templated":true}]}}