{"id":6268,"date":"2019-06-21T05:05:15","date_gmt":"2019-06-21T05:05:15","guid":{"rendered":"http:\/\/dev.trb.ba\/?page_id=6268"},"modified":"2024-09-11T19:18:14","modified_gmt":"2024-09-11T19:18:14","slug":"news","status":"publish","type":"page","link":"http:\/\/trb.ba\/sr\/news\/","title":{"rendered":"Novosti"},"content":{"rendered":"<div data-elementor-type=\"wp-post\" data-elementor-id=\"6268\" class=\"elementor elementor-6268\" data-elementor-post-type=\"page\">\n\t\t\t\t\t\t<section class=\"elementor-section elementor-top-section elementor-element elementor-element-0b4cf6c elementor-section-height-min-height elementor-section-boxed elementor-section-height-default elementor-section-items-middle\" data-id=\"0b4cf6c\" data-element_type=\"section\" data-settings=\"{&quot;background_background&quot;:&quot;classic&quot;}\">\n\t\t\t\t\t\t\t<div class=\"elementor-background-overlay\"><\/div>\n\t\t\t\t\t\t\t<div class=\"elementor-container elementor-column-gap-default\">\n\t\t\t\t\t<div class=\"elementor-column elementor-col-100 elementor-top-column elementor-element elementor-element-0e2c056\" data-id=\"0e2c056\" data-element_type=\"column\">\n\t\t\t<div class=\"elementor-widget-wrap elementor-element-populated\">\n\t\t\t\t\t\t\t<\/div>\n\t\t<\/div>\n\t\t\t\t\t<\/div>\n\t\t<\/section>\n\t\t\t\t<section class=\"elementor-section elementor-top-section elementor-element elementor-element-4c089cc elementor-section-boxed elementor-section-height-default elementor-section-height-default\" data-id=\"4c089cc\" data-element_type=\"section\">\n\t\t\t\t\t\t<div class=\"elementor-container elementor-column-gap-default\">\n\t\t\t\t\t<div class=\"elementor-column elementor-col-100 elementor-top-column elementor-element elementor-element-def1b48\" data-id=\"def1b48\" data-element_type=\"column\">\n\t\t\t<div class=\"elementor-widget-wrap elementor-element-populated\">\n\t\t\t\t\t\t<div class=\"elementor-element elementor-element-6255fde elementor-posts--thumbnail-none elementor-grid-3 elementor-grid-tablet-2 elementor-grid-mobile-1 elementor-card-shadow-yes elementor-posts__hover-gradient elementor-widget elementor-widget-posts\" data-id=\"6255fde\" data-element_type=\"widget\" data-settings=\"{&quot;pagination_type&quot;:&quot;prev_next&quot;,&quot;cards_columns&quot;:&quot;3&quot;,&quot;cards_columns_tablet&quot;:&quot;2&quot;,&quot;cards_columns_mobile&quot;:&quot;1&quot;,&quot;cards_row_gap&quot;:{&quot;unit&quot;:&quot;px&quot;,&quot;size&quot;:35,&quot;sizes&quot;:[]},&quot;cards_row_gap_tablet&quot;:{&quot;unit&quot;:&quot;px&quot;,&quot;size&quot;:&quot;&quot;,&quot;sizes&quot;:[]},&quot;cards_row_gap_mobile&quot;:{&quot;unit&quot;:&quot;px&quot;,&quot;size&quot;:&quot;&quot;,&quot;sizes&quot;:[]}}\" data-widget_type=\"posts.cards\">\n\t\t\t\t<div class=\"elementor-widget-container\">\n\t\t\t\t\t<div class=\"elementor-posts-container elementor-posts elementor-posts--skin-cards elementor-grid\">\n\t\t\t\t<article class=\"elementor-post elementor-grid-item post-9483 post type-post status-publish format-standard has-post-thumbnail hentry category-uncategorized\">\n\t\t\t<div class=\"elementor-post__card\">\n\t\t\t\t<div class=\"elementor-post__text\">\n\t\t\t\t<h3 class=\"elementor-post__title\">\n\t\t\t<a href=\"http:\/\/trb.ba\/sr\/trb-and-joh-springers-erben-a-new-international-partnership-in-specialized-manufacturing\/\" >\n\t\t\t\tTRB i Joh. Springer's Erben: Novo me\u0111unarodno partnerstvo u oblasti specijalizovane proizvodnje\t\t\t<\/a>\n\t\t<\/h3>\n\t\t\n\t\t<a class=\"elementor-post__read-more\" href=\"http:\/\/trb.ba\/sr\/trb-and-joh-springers-erben-a-new-international-partnership-in-specialized-manufacturing\/\" aria-label=\"Read more about TRB and Joh. Springer&#8217;s Erben: A New International Partnership in Specialized Manufacturing\" tabindex=\"-1\" >\n\t\t\tSaznajte Vi\u0161e\t\t<\/a>\n\n\t\t\t\t<\/div>\n\t\t\t\t<div class=\"elementor-post__meta-data\">\n\t\t\t\t\t<span class=\"elementor-post-date\">\n\t\t\t\u043d\u043e\u0432\u0435\u043c\u0431\u0430\u0440 4, 2025\t\t<\/span>\n\t\t\t\t<\/div>\n\t\t\t\t\t<\/div>\n\t\t<\/article>\n\t\t\t\t<article class=\"elementor-post elementor-grid-item post-9465 post type-post status-publish format-standard hentry category-uncategorized\">\n\t\t\t<div class=\"elementor-post__card\">\n\t\t\t\t<div class=\"elementor-post__text\">\n\t\t\t\t<h3 class=\"elementor-post__title\">\n\t\t\t<a href=\"http:\/\/trb.ba\/sr\/do-stabilne-buducnosti-uz-jako-partnerstvo-trb-na-medunarodnom-sajmu-naoruzanja-u-beogradu\/\" >\n\t\t\t\tDO STABILNE BUDU\u0106NOSTI UZ JAKO PARTNERSTVO \u2013 TRB NA ME\u0110UNARODNOM SAJMU NAORU\u017dANJA U BEOGRADU\t\t\t<\/a>\n\t\t<\/h3>\n\t\t\n\t\t<a class=\"elementor-post__read-more\" href=\"http:\/\/trb.ba\/sr\/do-stabilne-buducnosti-uz-jako-partnerstvo-trb-na-medunarodnom-sajmu-naoruzanja-u-beogradu\/\" aria-label=\"Read more about TOWARDS A STABLE FUTURE THROUGH STRONG PARTNERSHIP \u2013 TRB AT THE INTERNATIONAL ARMS FAIR IN BELGRADE\" tabindex=\"-1\" >\n\t\t\tSaznajte Vi\u0161e\t\t<\/a>\n\n\t\t\t\t<\/div>\n\t\t\t\t<div class=\"elementor-post__meta-data\">\n\t\t\t\t\t<span class=\"elementor-post-date\">\n\t\t\t\u0430\u0432\u0433\u0443\u0441\u0442 14, 2025\t\t<\/span>\n\t\t\t\t<\/div>\n\t\t\t\t\t<\/div>\n\t\t<\/article>\n\t\t\t\t<article class=\"elementor-post elementor-grid-item post-9458 post type-post status-publish format-standard hentry category-uncategorized\">\n\t\t\t<div class=\"elementor-post__card\">\n\t\t\t\t<div class=\"elementor-post__text\">\n\t\t\t\t<h3 class=\"elementor-post__title\">\n\t\t\t<a href=\"http:\/\/trb.ba\/sr\/poziv-za-i-redovnu-sjednicu-skupstine-akcionara-tehnicki-remont-a-d-bratunac-u-2025-godini\/\" >\n\t\t\t\tPoziv za I redovnu sjednicu Skup\u0161tine akcionara \u201eTEHNI\u010cKI REMONT\u201c a.d. BRATUNAC u 2025. godini\t\t\t<\/a>\n\t\t<\/h3>\n\t\t\n\t\t<a class=\"elementor-post__read-more\" href=\"http:\/\/trb.ba\/sr\/poziv-za-i-redovnu-sjednicu-skupstine-akcionara-tehnicki-remont-a-d-bratunac-u-2025-godini\/\" aria-label=\"Read more about Poziv za I redovnu sjednicu Skup\u0161tine akcionara \u201eTEHNI\u010cKI REMONT\u201c a.d. BRATUNAC u 2025. godini\" tabindex=\"-1\" >\n\t\t\tSaznajte Vi\u0161e\t\t<\/a>\n\n\t\t\t\t<\/div>\n\t\t\t\t<div class=\"elementor-post__meta-data\">\n\t\t\t\t\t<span class=\"elementor-post-date\">\n\t\t\t\u043c\u0430\u0458 26, 2025\t\t<\/span>\n\t\t\t\t<\/div>\n\t\t\t\t\t<\/div>\n\t\t<\/article>\n\t\t\t\t<article class=\"elementor-post elementor-grid-item post-9442 post type-post status-publish format-standard hentry category-uncategorized\">\n\t\t\t<div class=\"elementor-post__card\">\n\t\t\t\t<div class=\"elementor-post__text\">\n\t\t\t\t<h3 class=\"elementor-post__title\">\n\t\t\t<a href=\"http:\/\/trb.ba\/sr\/vihor-opens-doors-to-the-demanding-uae-market-remarkable-success-at-the-abu-dhabi-exhibition\/\" >\n\t\t\t\t\u201cVIHOR\u201d OTVORIO VRATA ZAHTJEVNOG TR\u017dI\u0160TA UAE \u2013 IZUZETAN USPJEH NA SAJMU U ABU DABIJU\t\t\t<\/a>\n\t\t<\/h3>\n\t\t\n\t\t<a class=\"elementor-post__read-more\" href=\"http:\/\/trb.ba\/sr\/vihor-opens-doors-to-the-demanding-uae-market-remarkable-success-at-the-abu-dhabi-exhibition\/\" aria-label=\"Read more about &#8220;VIHOR&#8221; OPENS DOORS TO THE DEMANDING UAE MARKET \u2013 REMARKABLE SUCCESS AT THE ABU DHABI EXHIBITION\" tabindex=\"-1\" >\n\t\t\tSaznajte Vi\u0161e\t\t<\/a>\n\n\t\t\t\t<\/div>\n\t\t\t\t<div class=\"elementor-post__meta-data\">\n\t\t\t\t\t<span class=\"elementor-post-date\">\n\t\t\t\u0444\u0435\u0431\u0440\u0443\u0430\u0440 21, 2025\t\t<\/span>\n\t\t\t\t<\/div>\n\t\t\t\t\t<\/div>\n\t\t<\/article>\n\t\t\t\t<article class=\"elementor-post elementor-grid-item post-9437 post type-post status-publish format-standard hentry category-uncategorized\">\n\t\t\t<div class=\"elementor-post__card\">\n\t\t\t\t<div class=\"elementor-post__text\">\n\t\t\t\t<h3 class=\"elementor-post__title\">\n\t\t\t<a href=\"http:\/\/trb.ba\/sr\/new-market-for-trb-cooperation-with-azerbaijan\/\" >\n\t\t\t\tNOVO tr\u017ei\u0161te za TRB - Saradnja sa Azerbejd\u017eanom\t\t\t<\/a>\n\t\t<\/h3>\n\t\t\n\t\t<a class=\"elementor-post__read-more\" href=\"http:\/\/trb.ba\/sr\/new-market-for-trb-cooperation-with-azerbaijan\/\" aria-label=\"Read more about NEW market for TRB &#8211; Cooperation with Azerbaijan\" tabindex=\"-1\" >\n\t\t\tSaznajte Vi\u0161e\t\t<\/a>\n\n\t\t\t\t<\/div>\n\t\t\t\t<div class=\"elementor-post__meta-data\">\n\t\t\t\t\t<span class=\"elementor-post-date\">\n\t\t\t\u0430\u0432\u0433\u0443\u0441\u0442 30, 2024\t\t<\/span>\n\t\t\t\t<\/div>\n\t\t\t\t\t<\/div>\n\t\t<\/article>\n\t\t\t\t<article class=\"elementor-post elementor-grid-item post-9425 post type-post status-publish format-standard hentry category-uncategorized\">\n\t\t\t<div class=\"elementor-post__card\">\n\t\t\t\t<div class=\"elementor-post__text\">\n\t\t\t\t<h3 class=\"elementor-post__title\">\n\t\t\t<a href=\"http:\/\/trb.ba\/sr\/eurosatory-2024\/\" >\n\t\t\t\tEUROSATORY 2024\t\t\t<\/a>\n\t\t<\/h3>\n\t\t\n\t\t<a class=\"elementor-post__read-more\" href=\"http:\/\/trb.ba\/sr\/eurosatory-2024\/\" aria-label=\"Read more about EUROSATORY 2024\" tabindex=\"-1\" >\n\t\t\tSaznajte Vi\u0161e\t\t<\/a>\n\n\t\t\t\t<\/div>\n\t\t\t\t<div class=\"elementor-post__meta-data\">\n\t\t\t\t\t<span class=\"elementor-post-date\">\n\t\t\t\u0458\u0443\u043d 19, 2024\t\t<\/span>\n\t\t\t\t<\/div>\n\t\t\t\t\t<\/div>\n\t\t<\/article>\n\t\t\t\t<article class=\"elementor-post elementor-grid-item post-9432 post type-post status-publish format-standard hentry category-uncategorized\">\n\t\t\t<div class=\"elementor-post__card\">\n\t\t\t\t<div class=\"elementor-post__text\">\n\t\t\t\t<h3 class=\"elementor-post__title\">\n\t\t\t<a href=\"http:\/\/trb.ba\/sr\/world-defense-show-2024-and-important-contract-for-trb\/\" >\n\t\t\t\tWorld Defense Show 2024 and important contract for TRB\t\t\t<\/a>\n\t\t<\/h3>\n\t\t\n\t\t<a class=\"elementor-post__read-more\" href=\"http:\/\/trb.ba\/sr\/world-defense-show-2024-and-important-contract-for-trb\/\" aria-label=\"Read more about World Defense Show 2024 and important contract for TRB\" tabindex=\"-1\" >\n\t\t\tSaznajte Vi\u0161e\t\t<\/a>\n\n\t\t\t\t<\/div>\n\t\t\t\t<div class=\"elementor-post__meta-data\">\n\t\t\t\t\t<span class=\"elementor-post-date\">\n\t\t\t\u0444\u0435\u0431\u0440\u0443\u0430\u0440 19, 2024\t\t<\/span>\n\t\t\t\t<\/div>\n\t\t\t\t\t<\/div>\n\t\t<\/article>\n\t\t\t\t<article class=\"elementor-post elementor-grid-item post-9422 post type-post status-publish format-standard hentry category-uncategorized\">\n\t\t\t<div class=\"elementor-post__card\">\n\t\t\t\t<div class=\"elementor-post__text\">\n\t\t\t\t<h3 class=\"elementor-post__title\">\n\t\t\t<a href=\"http:\/\/trb.ba\/sr\/edex-2023-great-ending-of-the-year-for-trb\/\" >\n\t\t\t\tEDEX 2023 - SJAJAN ZAVR\u0160ETAK GODINE ZA TRB\t\t\t<\/a>\n\t\t<\/h3>\n\t\t\n\t\t<a class=\"elementor-post__read-more\" href=\"http:\/\/trb.ba\/sr\/edex-2023-great-ending-of-the-year-for-trb\/\" aria-label=\"Read more about EDEX 2023 &#8211; Great ending of the year for TRB\" tabindex=\"-1\" >\n\t\t\tSaznajte Vi\u0161e\t\t<\/a>\n\n\t\t\t\t<\/div>\n\t\t\t\t<div class=\"elementor-post__meta-data\">\n\t\t\t\t\t<span class=\"elementor-post-date\">\n\t\t\t\u0434\u0435\u0446\u0435\u043c\u0431\u0430\u0440 2, 2023\t\t<\/span>\n\t\t\t\t<\/div>\n\t\t\t\t\t<\/div>\n\t\t<\/article>\n\t\t\t\t<article class=\"elementor-post elementor-grid-item post-9419 post type-post status-publish format-standard hentry category-uncategorized\">\n\t\t\t<div class=\"elementor-post__card\">\n\t\t\t\t<div class=\"elementor-post__text\">\n\t\t\t\t<h3 class=\"elementor-post__title\">\n\t\t\t<a href=\"http:\/\/trb.ba\/sr\/partner-2023-fair\/\" >\n\t\t\t\tSajam PARTNER 2023\t\t\t<\/a>\n\t\t<\/h3>\n\t\t\n\t\t<a class=\"elementor-post__read-more\" href=\"http:\/\/trb.ba\/sr\/partner-2023-fair\/\" aria-label=\"Read more about PARTNER 2023 Fair\" tabindex=\"-1\" >\n\t\t\tSaznajte Vi\u0161e\t\t<\/a>\n\n\t\t\t\t<\/div>\n\t\t\t\t<div class=\"elementor-post__meta-data\">\n\t\t\t\t\t<span class=\"elementor-post-date\">\n\t\t\t\u0430\u0432\u0433\u0443\u0441\u0442 19, 2023\t\t<\/span>\n\t\t\t\t<\/div>\n\t\t\t\t\t<\/div>\n\t\t<\/article>\n\t\t\t\t<article class=\"elementor-post elementor-grid-item post-9411 post type-post status-publish format-standard hentry category-uncategorized\">\n\t\t\t<div class=\"elementor-post__card\">\n\t\t\t\t<div class=\"elementor-post__text\">\n\t\t\t\t<h3 class=\"elementor-post__title\">\n\t\t\t<a href=\"http:\/\/trb.ba\/sr\/idef-2023\/\" >\n\t\t\t\tIDEF 2023\t\t\t<\/a>\n\t\t<\/h3>\n\t\t\n\t\t<a class=\"elementor-post__read-more\" href=\"http:\/\/trb.ba\/sr\/idef-2023\/\" aria-label=\"Read more about IDEF 2023\" tabindex=\"-1\" >\n\t\t\tSaznajte Vi\u0161e\t\t<\/a>\n\n\t\t\t\t<\/div>\n\t\t\t\t<div class=\"elementor-post__meta-data\">\n\t\t\t\t\t<span class=\"elementor-post-date\">\n\t\t\t\u0458\u0443\u043d 19, 2023\t\t<\/span>\n\t\t\t\t<\/div>\n\t\t\t\t\t<\/div>\n\t\t<\/article>\n\t\t\t\t<\/div>\n\t\t\n\t\t\t\t<div class=\"e-load-more-anchor\" data-page=\"1\" data-max-page=\"4\" data-next-page=\"http:\/\/trb.ba\/sr\/wp-json\/wp\/v2\/pages\/6268\/page\/2\/\"><\/div>\n\t\t\t\t<nav class=\"elementor-pagination\" aria-label=\"Pagination\">\n\t\t\t<span class=\"page-numbers prev\">&laquo; Previous<\/span>\n<a class=\"page-numbers next\" href=\"http:\/\/trb.ba\/sr\/wp-json\/wp\/v2\/pages\/6268\/page\/2\/\">Next &raquo;<\/a>\t\t<\/nav>\n\t\t\t\t<\/div>\n\t\t\t\t<\/div>\n\t\t\t\t\t<\/div>\n\t\t<\/div>\n\t\t\t\t\t<\/div>\n\t\t<\/section>\n\t\t\t\t<\/div>","protected":false},"excerpt":{"rendered":"","protected":false},"author":1,"featured_media":5887,"parent":0,"menu_order":0,"comment_status":"closed","ping_status":"closed","template":"elementor_header_footer","meta":{"_acf_changed":false,"footnotes":""},"acf":[],"_links":{"self":[{"href":"http:\/\/trb.ba\/sr\/wp-json\/wp\/v2\/pages\/6268"}],"collection":[{"href":"http:\/\/trb.ba\/sr\/wp-json\/wp\/v2\/pages"}],"about":[{"href":"http:\/\/trb.ba\/sr\/wp-json\/wp\/v2\/types\/page"}],"author":[{"embeddable":true,"href":"http:\/\/trb.ba\/sr\/wp-json\/wp\/v2\/users\/1"}],"replies":[{"embeddable":true,"href":"http:\/\/trb.ba\/sr\/wp-json\/wp\/v2\/comments?post=6268"}],"version-history":[{"count":4,"href":"http:\/\/trb.ba\/sr\/wp-json\/wp\/v2\/pages\/6268\/revisions"}],"predecessor-version":[{"id":9334,"href":"http:\/\/trb.ba\/sr\/wp-json\/wp\/v2\/pages\/6268\/revisions\/9334"}],"wp:featuredmedia":[{"embeddable":true,"href":"http:\/\/trb.ba\/sr\/wp-json\/wp\/v2\/media\/5887"}],"wp:attachment":[{"href":"http:\/\/trb.ba\/sr\/wp-json\/wp\/v2\/media?parent=6268"}],"curies":[{"name":"wp","href":"https:\/\/api.w.org\/{rel}","templated":true}]}}