{"id":5250,"date":"2019-01-25T13:55:04","date_gmt":"2019-01-25T13:55:04","guid":{"rendered":"https:\/\/livewp.site\/wp\/md\/zohar\/?page_id=5250"},"modified":"2024-09-11T19:24:12","modified_gmt":"2024-09-11T19:24:12","slug":"how-we-do-it","status":"publish","type":"page","link":"http:\/\/trb.ba\/sr\/about\/how-we-do-it\/","title":{"rendered":"Na\u0161 Pristup"},"content":{"rendered":"<div data-elementor-type=\"wp-post\" data-elementor-id=\"5250\" class=\"elementor elementor-5250\" data-elementor-post-type=\"page\">\n\t\t\t\t\t\t<section class=\"elementor-section elementor-top-section elementor-element elementor-element-81075e0 elementor-section-height-min-height elementor-section-boxed elementor-section-height-default elementor-section-items-middle\" data-id=\"81075e0\" data-element_type=\"section\" data-settings=\"{&quot;background_background&quot;:&quot;classic&quot;}\">\n\t\t\t\t\t\t\t<div class=\"elementor-background-overlay\"><\/div>\n\t\t\t\t\t\t\t<div class=\"elementor-container elementor-column-gap-default\">\n\t\t\t\t\t<div class=\"elementor-column elementor-col-100 elementor-top-column elementor-element elementor-element-e5503fd\" data-id=\"e5503fd\" data-element_type=\"column\">\n\t\t\t<div class=\"elementor-widget-wrap elementor-element-populated\">\n\t\t\t\t\t\t\t<\/div>\n\t\t<\/div>\n\t\t\t\t\t<\/div>\n\t\t<\/section>\n\t\t\t\t<section class=\"elementor-section elementor-top-section elementor-element elementor-element-64a8775 elementor-section-boxed elementor-section-height-default elementor-section-height-default\" data-id=\"64a8775\" data-element_type=\"section\">\n\t\t\t\t\t\t<div class=\"elementor-container elementor-column-gap-default\">\n\t\t\t\t\t<div class=\"elementor-column elementor-col-100 elementor-top-column elementor-element elementor-element-8c75890\" data-id=\"8c75890\" data-element_type=\"column\">\n\t\t\t<div class=\"elementor-widget-wrap elementor-element-populated\">\n\t\t\t\t\t\t<div class=\"elementor-element elementor-element-5b7c682b elementor-widget elementor-widget-text-editor\" data-id=\"5b7c682b\" data-element_type=\"widget\" data-widget_type=\"text-editor.default\">\n\t\t\t\t<div class=\"elementor-widget-container\">\n\t\t\t\t\t\t\t<h2>\u00a0Dru\u0161tveno odgovorno poslovanje nam je od izuzetne va\u017enosti. Posvec\u0301enost najvi\u0161im eti\u010dkim standardima stoji iza svake na\u0161e aktivnosti i odluke.<\/h2>\t\t\t\t\t\t<\/div>\n\t\t\t\t<\/div>\n\t\t\t\t<section class=\"elementor-section elementor-inner-section elementor-element elementor-element-483640dc elementor-section-boxed elementor-section-height-default elementor-section-height-default\" data-id=\"483640dc\" data-element_type=\"section\">\n\t\t\t\t\t\t<div class=\"elementor-container elementor-column-gap-default\">\n\t\t\t\t\t<div class=\"elementor-column elementor-col-100 elementor-inner-column elementor-element elementor-element-462fd6da\" data-id=\"462fd6da\" data-element_type=\"column\">\n\t\t\t<div class=\"elementor-widget-wrap elementor-element-populated\">\n\t\t\t\t\t\t<div class=\"elementor-element elementor-element-c2b71ed elementor-widget elementor-widget-text-editor\" data-id=\"c2b71ed\" data-element_type=\"widget\" data-widget_type=\"text-editor.default\">\n\t\t\t\t<div class=\"elementor-widget-container\">\n\t\t\t\t\t\t\t<p style=\"text-align: center;\">Uspe\u0161nost TRB-a zasniva se na vi\u0161egodi\u0161njem iskustvu i sna\u017enom nasle\u0111u, ipak mi neprestano nastojimo da budemo jo\u0161 bolji. Na\u0161 najvredniji resurs su na\u0161i zaposleni; kadar visoko kvalifikovanih profesionalaca in\u017eenjerskog i tehni\u010dkog znanja najzna\u010dajnija je podr\u0161ka na\u0161em poslovanju i sprovo\u0111enju u praksu dru\u0161tveno odgovornog poslovanja.<\/p>\t\t\t\t\t\t<\/div>\n\t\t\t\t<\/div>\n\t\t\t\t<div class=\"elementor-element elementor-element-4392e588 elementor-widget elementor-widget-spacer\" data-id=\"4392e588\" data-element_type=\"widget\" data-widget_type=\"spacer.default\">\n\t\t\t\t<div class=\"elementor-widget-container\">\n\t\t\t\t\t<div class=\"elementor-spacer\">\n\t\t\t<div class=\"elementor-spacer-inner\"><\/div>\n\t\t<\/div>\n\t\t\t\t<\/div>\n\t\t\t\t<\/div>\n\t\t\t\t\t<\/div>\n\t\t<\/div>\n\t\t\t\t\t<\/div>\n\t\t<\/section>\n\t\t\t\t\t<\/div>\n\t\t<\/div>\n\t\t\t\t\t<\/div>\n\t\t<\/section>\n\t\t\t\t<section class=\"elementor-section elementor-top-section elementor-element elementor-element-ff451f1 elementor-section-boxed elementor-section-height-default elementor-section-height-default\" data-id=\"ff451f1\" data-element_type=\"section\">\n\t\t\t\t\t\t<div class=\"elementor-container elementor-column-gap-extended\">\n\t\t\t\t\t<div class=\"elementor-column elementor-col-33 elementor-top-column elementor-element elementor-element-4223d6f\" data-id=\"4223d6f\" data-element_type=\"column\">\n\t\t\t<div class=\"elementor-widget-wrap elementor-element-populated\">\n\t\t\t\t\t\t<div class=\"elementor-element elementor-element-f1bbc5b elementor-position-top elementor-widget elementor-widget-image-box\" data-id=\"f1bbc5b\" data-element_type=\"widget\" data-widget_type=\"image-box.default\">\n\t\t\t\t<div class=\"elementor-widget-container\">\n\t\t\t<div class=\"elementor-image-box-wrapper\"><figure class=\"elementor-image-box-img\"><img fetchpriority=\"high\" decoding=\"async\" width=\"768\" height=\"576\" src=\"http:\/\/trb.ba\/wp-content\/uploads\/2019\/06\/ot2-768x576.jpg\" class=\"attachment-medium_large size-medium_large wp-image-6296\" alt=\"\" srcset=\"http:\/\/trb.ba\/wp-content\/uploads\/2019\/06\/ot2-768x576.jpg 768w, http:\/\/trb.ba\/wp-content\/uploads\/2019\/06\/ot2-300x225.jpg 300w, http:\/\/trb.ba\/wp-content\/uploads\/2019\/06\/ot2.jpg 800w\" \/><\/figure><\/div>\t\t<\/div>\n\t\t\t\t<\/div>\n\t\t\t\t<div class=\"elementor-element elementor-element-0e031a6 elementor-widget elementor-widget-spacer\" data-id=\"0e031a6\" data-element_type=\"widget\" data-widget_type=\"spacer.default\">\n\t\t\t\t<div class=\"elementor-widget-container\">\n\t\t\t\t\t<div class=\"elementor-spacer\">\n\t\t\t<div class=\"elementor-spacer-inner\"><\/div>\n\t\t<\/div>\n\t\t\t\t<\/div>\n\t\t\t\t<\/div>\n\t\t\t\t\t<\/div>\n\t\t<\/div>\n\t\t\t\t<div class=\"elementor-column elementor-col-33 elementor-top-column elementor-element elementor-element-44a7e0f\" data-id=\"44a7e0f\" data-element_type=\"column\">\n\t\t\t<div class=\"elementor-widget-wrap elementor-element-populated\">\n\t\t\t\t\t\t<div class=\"elementor-element elementor-element-2069867 elementor-position-top elementor-widget elementor-widget-image-box\" data-id=\"2069867\" data-element_type=\"widget\" data-widget_type=\"image-box.default\">\n\t\t\t\t<div class=\"elementor-widget-container\">\n\t\t\t<div class=\"elementor-image-box-wrapper\"><figure class=\"elementor-image-box-img\"><img decoding=\"async\" width=\"768\" height=\"576\" src=\"http:\/\/trb.ba\/wp-content\/uploads\/2019\/06\/ot3-768x576.jpg\" class=\"attachment-medium_large size-medium_large wp-image-6295\" alt=\"\" srcset=\"http:\/\/trb.ba\/wp-content\/uploads\/2019\/06\/ot3-768x576.jpg 768w, http:\/\/trb.ba\/wp-content\/uploads\/2019\/06\/ot3-300x225.jpg 300w, http:\/\/trb.ba\/wp-content\/uploads\/2019\/06\/ot3.jpg 800w\" \/><\/figure><\/div>\t\t<\/div>\n\t\t\t\t<\/div>\n\t\t\t\t<div class=\"elementor-element elementor-element-9ebdf35 elementor-widget elementor-widget-spacer\" data-id=\"9ebdf35\" data-element_type=\"widget\" data-widget_type=\"spacer.default\">\n\t\t\t\t<div class=\"elementor-widget-container\">\n\t\t\t\t\t<div class=\"elementor-spacer\">\n\t\t\t<div class=\"elementor-spacer-inner\"><\/div>\n\t\t<\/div>\n\t\t\t\t<\/div>\n\t\t\t\t<\/div>\n\t\t\t\t\t<\/div>\n\t\t<\/div>\n\t\t\t\t<div class=\"elementor-column elementor-col-33 elementor-top-column elementor-element elementor-element-3691c26\" data-id=\"3691c26\" data-element_type=\"column\">\n\t\t\t<div class=\"elementor-widget-wrap elementor-element-populated\">\n\t\t\t\t\t\t<div class=\"elementor-element elementor-element-c2fc932 elementor-position-top elementor-widget elementor-widget-image-box\" data-id=\"c2fc932\" data-element_type=\"widget\" data-widget_type=\"image-box.default\">\n\t\t\t\t<div class=\"elementor-widget-container\">\n\t\t\t<div class=\"elementor-image-box-wrapper\"><figure class=\"elementor-image-box-img\"><img decoding=\"async\" width=\"768\" height=\"576\" src=\"http:\/\/trb.ba\/wp-content\/uploads\/2019\/06\/ot4-768x576.jpg\" class=\"attachment-medium_large size-medium_large wp-image-6294\" alt=\"\" srcset=\"http:\/\/trb.ba\/wp-content\/uploads\/2019\/06\/ot4-768x576.jpg 768w, http:\/\/trb.ba\/wp-content\/uploads\/2019\/06\/ot4-300x225.jpg 300w, http:\/\/trb.ba\/wp-content\/uploads\/2019\/06\/ot4.jpg 800w\" \/><\/figure><\/div>\t\t<\/div>\n\t\t\t\t<\/div>\n\t\t\t\t<div class=\"elementor-element elementor-element-a98e2ff elementor-widget elementor-widget-spacer\" data-id=\"a98e2ff\" data-element_type=\"widget\" data-widget_type=\"spacer.default\">\n\t\t\t\t<div class=\"elementor-widget-container\">\n\t\t\t\t\t<div class=\"elementor-spacer\">\n\t\t\t<div class=\"elementor-spacer-inner\"><\/div>\n\t\t<\/div>\n\t\t\t\t<\/div>\n\t\t\t\t<\/div>\n\t\t\t\t\t<\/div>\n\t\t<\/div>\n\t\t\t\t\t<\/div>\n\t\t<\/section>\n\t\t\t\t<section class=\"elementor-section elementor-top-section elementor-element elementor-element-16f7362f elementor-section-stretched elementor-section-boxed elementor-section-height-default elementor-section-height-default\" data-id=\"16f7362f\" data-element_type=\"section\" data-settings=\"{&quot;background_background&quot;:&quot;classic&quot;,&quot;stretch_section&quot;:&quot;section-stretched&quot;}\">\n\t\t\t\t\t\t<div class=\"elementor-container elementor-column-gap-default\">\n\t\t\t\t\t<div class=\"elementor-column elementor-col-100 elementor-top-column elementor-element elementor-element-7b985e97\" data-id=\"7b985e97\" data-element_type=\"column\">\n\t\t\t<div class=\"elementor-widget-wrap elementor-element-populated\">\n\t\t\t\t\t\t<section class=\"elementor-section elementor-inner-section elementor-element elementor-element-8fdfbfe elementor-section-boxed elementor-section-height-default elementor-section-height-default\" data-id=\"8fdfbfe\" data-element_type=\"section\">\n\t\t\t\t\t\t<div class=\"elementor-container elementor-column-gap-default\">\n\t\t\t\t\t<div class=\"elementor-column elementor-col-100 elementor-inner-column elementor-element elementor-element-084efae\" data-id=\"084efae\" data-element_type=\"column\">\n\t\t\t<div class=\"elementor-widget-wrap elementor-element-populated\">\n\t\t\t\t\t\t<div class=\"elementor-element elementor-element-936c453 elementor-widget elementor-widget-text-editor\" data-id=\"936c453\" data-element_type=\"widget\" data-widget_type=\"text-editor.default\">\n\t\t\t\t<div class=\"elementor-widget-container\">\n\t\t\t\t\t\t\t<h2 style=\"text-align: center;\"><span style=\"font-weight: 300;\" class=\"gt3_font-weight\"><span style=\"font-weight: bold;\" class=\"gt3_font-weight\">Na\u0161i klijenti <\/span>Su Na\u0161i Partneri<\/span><\/h2>\t\t\t\t\t\t<\/div>\n\t\t\t\t<\/div>\n\t\t\t\t<div class=\"elementor-element elementor-element-61c1d3e elementor-widget elementor-widget-spacer\" data-id=\"61c1d3e\" data-element_type=\"widget\" data-widget_type=\"spacer.default\">\n\t\t\t\t<div class=\"elementor-widget-container\">\n\t\t\t\t\t<div class=\"elementor-spacer\">\n\t\t\t<div class=\"elementor-spacer-inner\"><\/div>\n\t\t<\/div>\n\t\t\t\t<\/div>\n\t\t\t\t<\/div>\n\t\t\t\t<div class=\"elementor-element elementor-element-ee94d63 elementor-widget elementor-widget-text-editor\" data-id=\"ee94d63\" data-element_type=\"widget\" data-widget_type=\"text-editor.default\">\n\t\t\t\t<div class=\"elementor-widget-container\">\n\t\t\t\t\t\t\t<p style=\"text-align: center;\">Ostajemo istinski posve\u0107eni najvi\u0161im standardima kvaliteta u pru\u017eanju usluga i podr\u0161ke \u017eivotnog ciklusa svakog proizvoda i re\u0161enja koje nudimo.\u00a0 \u00a0 \u00a0 \u00a0 \u00a0 \u00a0 \u00a0 \u00a0 \u00a0 \u00a0 \u00a0 \u00a0 \u00a0<\/p>\t\t\t\t\t\t<\/div>\n\t\t\t\t<\/div>\n\t\t\t\t<div class=\"elementor-element elementor-element-bafab66 elementor-widget elementor-widget-spacer\" data-id=\"bafab66\" data-element_type=\"widget\" data-widget_type=\"spacer.default\">\n\t\t\t\t<div class=\"elementor-widget-container\">\n\t\t\t\t\t<div class=\"elementor-spacer\">\n\t\t\t<div class=\"elementor-spacer-inner\"><\/div>\n\t\t<\/div>\n\t\t\t\t<\/div>\n\t\t\t\t<\/div>\n\t\t\t\t\t<\/div>\n\t\t<\/div>\n\t\t\t\t\t<\/div>\n\t\t<\/section>\n\t\t\t\t\t<\/div>\n\t\t<\/div>\n\t\t\t\t\t<\/div>\n\t\t<\/section>\n\t\t\t\t<section class=\"elementor-section elementor-top-section elementor-element elementor-element-c810271 elementor-section-boxed elementor-section-height-default elementor-section-height-default\" data-id=\"c810271\" data-element_type=\"section\">\n\t\t\t\t\t\t<div class=\"elementor-container elementor-column-gap-default\">\n\t\t\t\t\t<div class=\"elementor-column elementor-col-100 elementor-top-column elementor-element elementor-element-93cadb6\" data-id=\"93cadb6\" data-element_type=\"column\">\n\t\t\t<div class=\"elementor-widget-wrap elementor-element-populated\">\n\t\t\t\t\t\t<section class=\"elementor-section elementor-inner-section elementor-element elementor-element-d9b3280 elementor-section-boxed elementor-section-height-default elementor-section-height-default\" data-id=\"d9b3280\" data-element_type=\"section\">\n\t\t\t\t\t\t<div class=\"elementor-container elementor-column-gap-default\">\n\t\t\t\t\t<div class=\"elementor-column elementor-col-50 elementor-inner-column elementor-element elementor-element-a4dc02d\" data-id=\"a4dc02d\" data-element_type=\"column\">\n\t\t\t<div class=\"elementor-widget-wrap elementor-element-populated\">\n\t\t\t\t\t\t<div class=\"elementor-element elementor-element-0a5bf3c elementor-widget elementor-widget-text-editor\" data-id=\"0a5bf3c\" data-element_type=\"widget\" data-widget_type=\"text-editor.default\">\n\t\t\t\t<div class=\"elementor-widget-container\">\n\t\t\t\t\t\t\t<p style=\"text-align: center;\">Ulaganjem u obuke i razvojne programe poma\u017eemo na\u0161im zaposlenima da dostignu svoj pun potencijal pru\u017eaju\u0107i im podr\u0161ku za unapre\u0111enje neophodnih konkurentnih ve\u0161tina, uskla\u0111enih sa tehnolo\u0161kim razvojem. Sposobnost razumevanja globalnog, nacionalnog i regionalnog tehnolo\u0161kog okru\u017eenja nam poma\u017ee da ostanemo globalno konkurentni i omogu\u0107ava nam da privu\u010demo, razvijemo i zadr\u017eimo najbolje talente. Kao i sve ostale TRB aktivnosti, izgradnja i ja\u010danje lokalnih kapaciteta i sposobnosti ljudskih resursa su u skladu sa na\u0161im principima dru\u0161tveno odgovornog poslovanja.<\/p>\t\t\t\t\t\t<\/div>\n\t\t\t\t<\/div>\n\t\t\t\t\t<\/div>\n\t\t<\/div>\n\t\t\t\t<div class=\"elementor-column elementor-col-50 elementor-inner-column elementor-element elementor-element-8b5eeb6\" data-id=\"8b5eeb6\" data-element_type=\"column\">\n\t\t\t<div class=\"elementor-widget-wrap elementor-element-populated\">\n\t\t\t\t\t\t<div class=\"elementor-element elementor-element-8cd6796 elementor-widget elementor-widget-text-editor\" data-id=\"8cd6796\" data-element_type=\"widget\" data-widget_type=\"text-editor.default\">\n\t\t\t\t<div class=\"elementor-widget-container\">\n\t\t\t\t\t\t\t<p style=\"text-align: center;\">Podr\u0161ka zajednici - Dru\u0161tvena odgovornost i kontinuirana posve\u0107enost razvoju zajednice u kojoj radimo nam je od izuzetnog zna\u010daja. Zahvaljuju\u0107i na\u0161em investicionom programu za razvoj i zajedni\u010dkom radu sa lokalnim i nacionalnim organizacijama, pru\u017eamo podr\u0161ku i gradimo sna\u017ene odnose sa na\u0161om celokupnom zajednicom.<\/p>\t\t\t\t\t\t<\/div>\n\t\t\t\t<\/div>\n\t\t\t\t<div class=\"elementor-element elementor-element-b005622 elementor-widget elementor-widget-spacer\" data-id=\"b005622\" data-element_type=\"widget\" data-widget_type=\"spacer.default\">\n\t\t\t\t<div class=\"elementor-widget-container\">\n\t\t\t\t\t<div class=\"elementor-spacer\">\n\t\t\t<div class=\"elementor-spacer-inner\"><\/div>\n\t\t<\/div>\n\t\t\t\t<\/div>\n\t\t\t\t<\/div>\n\t\t\t\t\t<\/div>\n\t\t<\/div>\n\t\t\t\t\t<\/div>\n\t\t<\/section>\n\t\t\t\t<div class=\"elementor-element elementor-element-41f7eb0 elementor-widget elementor-widget-spacer\" data-id=\"41f7eb0\" data-element_type=\"widget\" data-widget_type=\"spacer.default\">\n\t\t\t\t<div class=\"elementor-widget-container\">\n\t\t\t\t\t<div class=\"elementor-spacer\">\n\t\t\t<div class=\"elementor-spacer-inner\"><\/div>\n\t\t<\/div>\n\t\t\t\t<\/div>\n\t\t\t\t<\/div>\n\t\t\t\t\t<\/div>\n\t\t<\/div>\n\t\t\t\t\t<\/div>\n\t\t<\/section>\n\t\t\t\t<\/div>","protected":false},"excerpt":{"rendered":"<p>\u00a0Responsible business conduct matters a great deal to us. Our commitment to the highest ethical standards guides our every action and decision. TRB is built on experience and a strong heritage, yet we constantly strive to improve. Our most precious resource is our employees; a cadre of highly skilled professionals with the engineering and technical [&hellip;]<\/p>","protected":false},"author":1,"featured_media":0,"parent":110,"menu_order":0,"comment_status":"closed","ping_status":"closed","template":"elementor_header_footer","meta":{"_acf_changed":false,"footnotes":""},"acf":[],"_links":{"self":[{"href":"http:\/\/trb.ba\/sr\/wp-json\/wp\/v2\/pages\/5250"}],"collection":[{"href":"http:\/\/trb.ba\/sr\/wp-json\/wp\/v2\/pages"}],"about":[{"href":"http:\/\/trb.ba\/sr\/wp-json\/wp\/v2\/types\/page"}],"author":[{"embeddable":true,"href":"http:\/\/trb.ba\/sr\/wp-json\/wp\/v2\/users\/1"}],"replies":[{"embeddable":true,"href":"http:\/\/trb.ba\/sr\/wp-json\/wp\/v2\/comments?post=5250"}],"version-history":[{"count":4,"href":"http:\/\/trb.ba\/sr\/wp-json\/wp\/v2\/pages\/5250\/revisions"}],"predecessor-version":[{"id":9371,"href":"http:\/\/trb.ba\/sr\/wp-json\/wp\/v2\/pages\/5250\/revisions\/9371"}],"up":[{"embeddable":true,"href":"http:\/\/trb.ba\/sr\/wp-json\/wp\/v2\/pages\/110"}],"wp:attachment":[{"href":"http:\/\/trb.ba\/sr\/wp-json\/wp\/v2\/media?parent=5250"}],"curies":[{"name":"wp","href":"https:\/\/api.w.org\/{rel}","templated":true}]}}